{"id":109,"date":"2014-04-22T23:03:32","date_gmt":"2014-04-22T21:03:32","guid":{"rendered":"http:\/\/www.ommertalhof.de\/?page_id=109"},"modified":"2014-05-07T23:14:17","modified_gmt":"2014-05-07T21:14:17","slug":"plan-vom-ommertalhof","status":"publish","type":"page","link":"http:\/\/www.ommertalhof.de\/?page_id=109","title":{"rendered":"Plan vom Ommertalhof"},"content":{"rendered":"<p><a href=\"http:\/\/www.ommertalhof.de\/?attachment_id=120\" rel=\"attachment wp-att-120\"><img loading=\"lazy\" decoding=\"async\" class=\"alignnone size-full wp-image-120\" src=\"http:\/\/www.ommertalhof.de\/wp-content\/uploads\/2014\/04\/OPlan.png\" alt=\"OPlan\" width=\"3275\" height=\"2363\" srcset=\"http:\/\/www.ommertalhof.de\/wp-content\/uploads\/2014\/04\/OPlan.png 3275w, http:\/\/www.ommertalhof.de\/wp-content\/uploads\/2014\/04\/OPlan-300x216.png 300w, http:\/\/www.ommertalhof.de\/wp-content\/uploads\/2014\/04\/OPlan-1024x738.png 1024w, http:\/\/www.ommertalhof.de\/wp-content\/uploads\/2014\/04\/OPlan-960x692.png 960w, http:\/\/www.ommertalhof.de\/wp-content\/uploads\/2014\/04\/OPlan-1600x1154.png 1600w\" sizes=\"(max-width: 3275px) 100vw, 3275px\" \/><\/a><\/p>\n<p>&nbsp;<\/p>\n<hr \/>\n<h4>Drucken Sie sich diesen Plan aus, um sich in unserem Gartenparadies besser zurechtzufinden. Leider k\u00f6nnen wir vor Ort nur eine begrenzte Anzahl von Pl\u00e4nen zur Verf\u00fcgung stellen.<\/h4>\n","protected":false},"excerpt":{"rendered":"<p>&nbsp; Drucken Sie sich diesen Plan aus, um sich in unserem Gartenparadies besser zurechtzufinden. Leider k\u00f6nnen wir vor Ort nur eine begrenzte Anzahl von Pl\u00e4nen zur Verf\u00fcgung stellen.<\/p>\n","protected":false},"author":1,"featured_media":0,"parent":0,"menu_order":0,"comment_status":"closed","ping_status":"closed","template":"page-full.php","meta":{"_exactmetrics_skip_tracking":false,"_exactmetrics_sitenote_active":false,"_exactmetrics_sitenote_note":"","_exactmetrics_sitenote_category":0,"_monsterinsights_skip_tracking":false,"_monsterinsights_sitenote_active":false,"_monsterinsights_sitenote_note":"","_monsterinsights_sitenote_category":0,"footnotes":""},"class_list":["post-109","page","type-page","status-publish","hentry"],"yoast_head":"<!-- This site is optimized with the Yoast SEO plugin v23.2 - https:\/\/yoast.com\/wordpress\/plugins\/seo\/ -->\n<title>Plan vom Ommertalhof<\/title>\n<meta name=\"robots\" content=\"index, follow, max-snippet:-1, max-image-preview:large, max-video-preview:-1\" \/>\n<link rel=\"canonical\" href=\"http:\/\/www.ommertalhof.de\/?page_id=109\" \/>\n<meta property=\"og:locale\" content=\"de_DE\" \/>\n<meta property=\"og:type\" content=\"article\" \/>\n<meta property=\"og:title\" content=\"Plan vom Ommertalhof\" \/>\n<meta property=\"og:description\" content=\"&nbsp; Drucken Sie sich diesen Plan aus, um sich in unserem Gartenparadies besser zurechtzufinden. Leider k\u00f6nnen wir vor Ort nur eine begrenzte Anzahl von Pl\u00e4nen zur Verf\u00fcgung stellen.\" \/>\n<meta property=\"og:url\" content=\"http:\/\/www.ommertalhof.de\/?page_id=109\" \/>\n<meta property=\"og:site_name\" content=\"Ommertalhof\" \/>\n<meta property=\"article:modified_time\" content=\"2014-05-07T21:14:17+00:00\" \/>\n<meta property=\"og:image\" content=\"http:\/\/www.ommertalhof.de\/wp-content\/uploads\/2014\/04\/OPlan.png\" \/>\n<script type=\"application\/ld+json\" class=\"yoast-schema-graph\">{\"@context\":\"https:\/\/schema.org\",\"@graph\":[{\"@type\":\"WebPage\",\"@id\":\"http:\/\/www.ommertalhof.de\/?page_id=109\",\"url\":\"http:\/\/www.ommertalhof.de\/?page_id=109\",\"name\":\"Plan vom Ommertalhof\",\"isPartOf\":{\"@id\":\"http:\/\/www.ommertalhof.de\/#website\"},\"primaryImageOfPage\":{\"@id\":\"http:\/\/www.ommertalhof.de\/?page_id=109#primaryimage\"},\"image\":{\"@id\":\"http:\/\/www.ommertalhof.de\/?page_id=109#primaryimage\"},\"thumbnailUrl\":\"http:\/\/www.ommertalhof.de\/wp-content\/uploads\/2014\/04\/OPlan.png\",\"datePublished\":\"2014-04-22T21:03:32+00:00\",\"dateModified\":\"2014-05-07T21:14:17+00:00\",\"breadcrumb\":{\"@id\":\"http:\/\/www.ommertalhof.de\/?page_id=109#breadcrumb\"},\"inLanguage\":\"de\",\"potentialAction\":[{\"@type\":\"ReadAction\",\"target\":[\"http:\/\/www.ommertalhof.de\/?page_id=109\"]}]},{\"@type\":\"ImageObject\",\"inLanguage\":\"de\",\"@id\":\"http:\/\/www.ommertalhof.de\/?page_id=109#primaryimage\",\"url\":\"http:\/\/www.ommertalhof.de\/wp-content\/uploads\/2014\/04\/OPlan.png\",\"contentUrl\":\"http:\/\/www.ommertalhof.de\/wp-content\/uploads\/2014\/04\/OPlan.png\",\"width\":3275,\"height\":2363},{\"@type\":\"BreadcrumbList\",\"@id\":\"http:\/\/www.ommertalhof.de\/?page_id=109#breadcrumb\",\"itemListElement\":[{\"@type\":\"ListItem\",\"position\":1,\"name\":\"Home\",\"item\":\"http:\/\/www.ommertalhof.de\/\"},{\"@type\":\"ListItem\",\"position\":2,\"name\":\"Plan vom Ommertalhof\"}]},{\"@type\":\"WebSite\",\"@id\":\"http:\/\/www.ommertalhof.de\/#website\",\"url\":\"http:\/\/www.ommertalhof.de\/\",\"name\":\"Ommertalhof\",\"description\":\"Gartenmanufaktur und Landschaftsbau\",\"potentialAction\":[{\"@type\":\"SearchAction\",\"target\":{\"@type\":\"EntryPoint\",\"urlTemplate\":\"http:\/\/www.ommertalhof.de\/?s={search_term_string}\"},\"query-input\":\"required name=search_term_string\"}],\"inLanguage\":\"de\"}]}<\/script>\n<!-- \/ Yoast SEO plugin. -->","yoast_head_json":{"title":"Plan vom Ommertalhof","robots":{"index":"index","follow":"follow","max-snippet":"max-snippet:-1","max-image-preview":"max-image-preview:large","max-video-preview":"max-video-preview:-1"},"canonical":"http:\/\/www.ommertalhof.de\/?page_id=109","og_locale":"de_DE","og_type":"article","og_title":"Plan vom Ommertalhof","og_description":"&nbsp; Drucken Sie sich diesen Plan aus, um sich in unserem Gartenparadies besser zurechtzufinden. Leider k\u00f6nnen wir vor Ort nur eine begrenzte Anzahl von Pl\u00e4nen zur Verf\u00fcgung stellen.","og_url":"http:\/\/www.ommertalhof.de\/?page_id=109","og_site_name":"Ommertalhof","article_modified_time":"2014-05-07T21:14:17+00:00","og_image":[{"url":"http:\/\/www.ommertalhof.de\/wp-content\/uploads\/2014\/04\/OPlan.png"}],"schema":{"@context":"https:\/\/schema.org","@graph":[{"@type":"WebPage","@id":"http:\/\/www.ommertalhof.de\/?page_id=109","url":"http:\/\/www.ommertalhof.de\/?page_id=109","name":"Plan vom Ommertalhof","isPartOf":{"@id":"http:\/\/www.ommertalhof.de\/#website"},"primaryImageOfPage":{"@id":"http:\/\/www.ommertalhof.de\/?page_id=109#primaryimage"},"image":{"@id":"http:\/\/www.ommertalhof.de\/?page_id=109#primaryimage"},"thumbnailUrl":"http:\/\/www.ommertalhof.de\/wp-content\/uploads\/2014\/04\/OPlan.png","datePublished":"2014-04-22T21:03:32+00:00","dateModified":"2014-05-07T21:14:17+00:00","breadcrumb":{"@id":"http:\/\/www.ommertalhof.de\/?page_id=109#breadcrumb"},"inLanguage":"de","potentialAction":[{"@type":"ReadAction","target":["http:\/\/www.ommertalhof.de\/?page_id=109"]}]},{"@type":"ImageObject","inLanguage":"de","@id":"http:\/\/www.ommertalhof.de\/?page_id=109#primaryimage","url":"http:\/\/www.ommertalhof.de\/wp-content\/uploads\/2014\/04\/OPlan.png","contentUrl":"http:\/\/www.ommertalhof.de\/wp-content\/uploads\/2014\/04\/OPlan.png","width":3275,"height":2363},{"@type":"BreadcrumbList","@id":"http:\/\/www.ommertalhof.de\/?page_id=109#breadcrumb","itemListElement":[{"@type":"ListItem","position":1,"name":"Home","item":"http:\/\/www.ommertalhof.de\/"},{"@type":"ListItem","position":2,"name":"Plan vom Ommertalhof"}]},{"@type":"WebSite","@id":"http:\/\/www.ommertalhof.de\/#website","url":"http:\/\/www.ommertalhof.de\/","name":"Ommertalhof","description":"Gartenmanufaktur und Landschaftsbau","potentialAction":[{"@type":"SearchAction","target":{"@type":"EntryPoint","urlTemplate":"http:\/\/www.ommertalhof.de\/?s={search_term_string}"},"query-input":"required name=search_term_string"}],"inLanguage":"de"}]}},"_links":{"self":[{"href":"http:\/\/www.ommertalhof.de\/index.php?rest_route=\/wp\/v2\/pages\/109"}],"collection":[{"href":"http:\/\/www.ommertalhof.de\/index.php?rest_route=\/wp\/v2\/pages"}],"about":[{"href":"http:\/\/www.ommertalhof.de\/index.php?rest_route=\/wp\/v2\/types\/page"}],"author":[{"embeddable":true,"href":"http:\/\/www.ommertalhof.de\/index.php?rest_route=\/wp\/v2\/users\/1"}],"replies":[{"embeddable":true,"href":"http:\/\/www.ommertalhof.de\/index.php?rest_route=%2Fwp%2Fv2%2Fcomments&post=109"}],"version-history":[{"count":8,"href":"http:\/\/www.ommertalhof.de\/index.php?rest_route=\/wp\/v2\/pages\/109\/revisions"}],"predecessor-version":[{"id":589,"href":"http:\/\/www.ommertalhof.de\/index.php?rest_route=\/wp\/v2\/pages\/109\/revisions\/589"}],"wp:attachment":[{"href":"http:\/\/www.ommertalhof.de\/index.php?rest_route=%2Fwp%2Fv2%2Fmedia&parent=109"}],"curies":[{"name":"wp","href":"https:\/\/api.w.org\/{rel}","templated":true}]}}