{"id":11,"date":"2014-04-22T21:49:15","date_gmt":"2014-04-22T19:49:15","guid":{"rendered":"http:\/\/www.ommertalhof.de\/?page_id=11"},"modified":"2024-08-10T17:48:02","modified_gmt":"2024-08-10T15:48:02","slug":"ueber-uns","status":"publish","type":"page","link":"http:\/\/www.ommertalhof.de\/?page_id=11","title":{"rendered":"\u00dcber Uns"},"content":{"rendered":"<h1><strong>Schroeder | Gartenmanufaktur und Landschaftsbau<\/strong><\/h1>\n<p>Wir, das sind Nicole Frank (Landwirtin) und Frank Schroeder (G\u00e4rtnermeister), schaffen G\u00e4rten der besonderen Art, durch das Arbeiten mit Naturstein, Wasser Pflanzen und Holz. Auf Wunsch integrieren wir antike Baustoffe in Ihren Garten, das k\u00f6nnen zum Beispiel Fliesen, Tr\u00f6ge, Amphoren und vieles mehr sein.<\/p>\n<p>Unser K\u00f6nnen und unsere Arbeiten pr\u00e4sentieren wir auf unserem 10.000 m\u00b2 gro\u00dfen Anwesen, dem Ommertalhof. Hier verwirklichen wir all unsere Tr\u00e4ume, nat\u00fcrlich auch ganz zur Freude unserer Besucher.<\/p>\n<div id=\"attachment_127\" style=\"width: 2842px\" class=\"wp-caption aligncenter\"><img loading=\"lazy\" decoding=\"async\" aria-describedby=\"caption-attachment-127\" class=\"wp-image-127 size-full\" src=\"http:\/\/www.ommertalhof.de\/wp-content\/uploads\/2014\/04\/schroeder.jpg\" alt=\"schroeder\" width=\"2832\" height=\"1189\" srcset=\"http:\/\/www.ommertalhof.de\/wp-content\/uploads\/2014\/04\/schroeder.jpg 2832w, http:\/\/www.ommertalhof.de\/wp-content\/uploads\/2014\/04\/schroeder-300x125.jpg 300w, http:\/\/www.ommertalhof.de\/wp-content\/uploads\/2014\/04\/schroeder-1024x429.jpg 1024w, http:\/\/www.ommertalhof.de\/wp-content\/uploads\/2014\/04\/schroeder-960x403.jpg 960w, http:\/\/www.ommertalhof.de\/wp-content\/uploads\/2014\/04\/schroeder-1600x671.jpg 1600w\" sizes=\"(max-width: 2832px) 100vw, 2832px\" \/><p id=\"caption-attachment-127\" class=\"wp-caption-text\">Mit freundlicher Genehmigung von Kerstin Ackermann, Gartenfora<\/p><\/div>\n","protected":false},"excerpt":{"rendered":"<p>Schroeder | Gartenmanufaktur und Landschaftsbau Wir, das sind Nicole Frank (Landwirtin) und Frank Schroeder (G\u00e4rtnermeister), schaffen G\u00e4rten der besonderen Art, durch das Arbeiten mit Naturstein, Wasser Pflanzen und Holz. Auf Wunsch integrieren wir antike Baustoffe in Ihren Garten, das k\u00f6nnen zum Beispiel Fliesen, Tr\u00f6ge, Amphoren und vieles mehr sein. Unser K\u00f6nnen und unsere Arbeiten pr\u00e4sentieren [&hellip;]<\/p>\n","protected":false},"author":1,"featured_media":0,"parent":0,"menu_order":0,"comment_status":"closed","ping_status":"closed","template":"","meta":{"_exactmetrics_skip_tracking":false,"_exactmetrics_sitenote_active":false,"_exactmetrics_sitenote_note":"","_exactmetrics_sitenote_category":0,"_monsterinsights_skip_tracking":false,"_monsterinsights_sitenote_active":false,"_monsterinsights_sitenote_note":"","_monsterinsights_sitenote_category":0,"footnotes":""},"class_list":["post-11","page","type-page","status-publish","hentry"],"yoast_head":"<!-- This site is optimized with the Yoast SEO plugin v23.2 - https:\/\/yoast.com\/wordpress\/plugins\/seo\/ -->\n<title>Garten Fotogalerie Lindlar Bergisch<\/title>\n<meta name=\"robots\" content=\"index, follow, max-snippet:-1, max-image-preview:large, max-video-preview:-1\" \/>\n<link rel=\"canonical\" href=\"http:\/\/www.ommertalhof.de\/?page_id=11\" \/>\n<meta property=\"og:locale\" content=\"de_DE\" \/>\n<meta property=\"og:type\" content=\"article\" \/>\n<meta property=\"og:title\" content=\"Garten Fotogalerie Lindlar Bergisch\" \/>\n<meta property=\"og:description\" content=\"Schroeder | Gartenmanufaktur und Landschaftsbau Wir, das sind Nicole Frank (Landwirtin) und Frank Schroeder (G\u00e4rtnermeister), schaffen G\u00e4rten der besonderen Art, durch das Arbeiten mit Naturstein, Wasser Pflanzen und Holz. Auf Wunsch integrieren wir antike Baustoffe in Ihren Garten, das k\u00f6nnen zum Beispiel Fliesen, Tr\u00f6ge, Amphoren und vieles mehr sein. Unser K\u00f6nnen und unsere Arbeiten pr\u00e4sentieren [&hellip;]\" \/>\n<meta property=\"og:url\" content=\"http:\/\/www.ommertalhof.de\/?page_id=11\" \/>\n<meta property=\"og:site_name\" content=\"Ommertalhof\" \/>\n<meta property=\"article:modified_time\" content=\"2024-08-10T15:48:02+00:00\" \/>\n<meta property=\"og:image\" content=\"http:\/\/www.ommertalhof.de\/wp-content\/uploads\/2014\/04\/schroeder.jpg\" \/>\n<meta name=\"twitter:label1\" content=\"Gesch\u00e4tzte Lesezeit\" \/>\n\t<meta name=\"twitter:data1\" content=\"1\u00a0Minute\" \/>\n<script type=\"application\/ld+json\" class=\"yoast-schema-graph\">{\"@context\":\"https:\/\/schema.org\",\"@graph\":[{\"@type\":\"WebPage\",\"@id\":\"http:\/\/www.ommertalhof.de\/?page_id=11\",\"url\":\"http:\/\/www.ommertalhof.de\/?page_id=11\",\"name\":\"Garten Fotogalerie Lindlar Bergisch\",\"isPartOf\":{\"@id\":\"http:\/\/www.ommertalhof.de\/#website\"},\"primaryImageOfPage\":{\"@id\":\"http:\/\/www.ommertalhof.de\/?page_id=11#primaryimage\"},\"image\":{\"@id\":\"http:\/\/www.ommertalhof.de\/?page_id=11#primaryimage\"},\"thumbnailUrl\":\"http:\/\/www.ommertalhof.de\/wp-content\/uploads\/2014\/04\/schroeder.jpg\",\"datePublished\":\"2014-04-22T19:49:15+00:00\",\"dateModified\":\"2024-08-10T15:48:02+00:00\",\"breadcrumb\":{\"@id\":\"http:\/\/www.ommertalhof.de\/?page_id=11#breadcrumb\"},\"inLanguage\":\"de\",\"potentialAction\":[{\"@type\":\"ReadAction\",\"target\":[\"http:\/\/www.ommertalhof.de\/?page_id=11\"]}]},{\"@type\":\"ImageObject\",\"inLanguage\":\"de\",\"@id\":\"http:\/\/www.ommertalhof.de\/?page_id=11#primaryimage\",\"url\":\"http:\/\/www.ommertalhof.de\/wp-content\/uploads\/2014\/04\/schroeder.jpg\",\"contentUrl\":\"http:\/\/www.ommertalhof.de\/wp-content\/uploads\/2014\/04\/schroeder.jpg\",\"width\":2832,\"height\":1189},{\"@type\":\"BreadcrumbList\",\"@id\":\"http:\/\/www.ommertalhof.de\/?page_id=11#breadcrumb\",\"itemListElement\":[{\"@type\":\"ListItem\",\"position\":1,\"name\":\"Home\",\"item\":\"http:\/\/www.ommertalhof.de\/\"},{\"@type\":\"ListItem\",\"position\":2,\"name\":\"\u00dcber Uns\"}]},{\"@type\":\"WebSite\",\"@id\":\"http:\/\/www.ommertalhof.de\/#website\",\"url\":\"http:\/\/www.ommertalhof.de\/\",\"name\":\"Ommertalhof\",\"description\":\"Gartenmanufaktur und Landschaftsbau\",\"potentialAction\":[{\"@type\":\"SearchAction\",\"target\":{\"@type\":\"EntryPoint\",\"urlTemplate\":\"http:\/\/www.ommertalhof.de\/?s={search_term_string}\"},\"query-input\":\"required name=search_term_string\"}],\"inLanguage\":\"de\"}]}<\/script>\n<!-- \/ Yoast SEO plugin. -->","yoast_head_json":{"title":"Garten Fotogalerie Lindlar Bergisch","robots":{"index":"index","follow":"follow","max-snippet":"max-snippet:-1","max-image-preview":"max-image-preview:large","max-video-preview":"max-video-preview:-1"},"canonical":"http:\/\/www.ommertalhof.de\/?page_id=11","og_locale":"de_DE","og_type":"article","og_title":"Garten Fotogalerie Lindlar Bergisch","og_description":"Schroeder | Gartenmanufaktur und Landschaftsbau Wir, das sind Nicole Frank (Landwirtin) und Frank Schroeder (G\u00e4rtnermeister), schaffen G\u00e4rten der besonderen Art, durch das Arbeiten mit Naturstein, Wasser Pflanzen und Holz. Auf Wunsch integrieren wir antike Baustoffe in Ihren Garten, das k\u00f6nnen zum Beispiel Fliesen, Tr\u00f6ge, Amphoren und vieles mehr sein. Unser K\u00f6nnen und unsere Arbeiten pr\u00e4sentieren [&hellip;]","og_url":"http:\/\/www.ommertalhof.de\/?page_id=11","og_site_name":"Ommertalhof","article_modified_time":"2024-08-10T15:48:02+00:00","og_image":[{"url":"http:\/\/www.ommertalhof.de\/wp-content\/uploads\/2014\/04\/schroeder.jpg"}],"twitter_misc":{"Gesch\u00e4tzte Lesezeit":"1\u00a0Minute"},"schema":{"@context":"https:\/\/schema.org","@graph":[{"@type":"WebPage","@id":"http:\/\/www.ommertalhof.de\/?page_id=11","url":"http:\/\/www.ommertalhof.de\/?page_id=11","name":"Garten Fotogalerie Lindlar Bergisch","isPartOf":{"@id":"http:\/\/www.ommertalhof.de\/#website"},"primaryImageOfPage":{"@id":"http:\/\/www.ommertalhof.de\/?page_id=11#primaryimage"},"image":{"@id":"http:\/\/www.ommertalhof.de\/?page_id=11#primaryimage"},"thumbnailUrl":"http:\/\/www.ommertalhof.de\/wp-content\/uploads\/2014\/04\/schroeder.jpg","datePublished":"2014-04-22T19:49:15+00:00","dateModified":"2024-08-10T15:48:02+00:00","breadcrumb":{"@id":"http:\/\/www.ommertalhof.de\/?page_id=11#breadcrumb"},"inLanguage":"de","potentialAction":[{"@type":"ReadAction","target":["http:\/\/www.ommertalhof.de\/?page_id=11"]}]},{"@type":"ImageObject","inLanguage":"de","@id":"http:\/\/www.ommertalhof.de\/?page_id=11#primaryimage","url":"http:\/\/www.ommertalhof.de\/wp-content\/uploads\/2014\/04\/schroeder.jpg","contentUrl":"http:\/\/www.ommertalhof.de\/wp-content\/uploads\/2014\/04\/schroeder.jpg","width":2832,"height":1189},{"@type":"BreadcrumbList","@id":"http:\/\/www.ommertalhof.de\/?page_id=11#breadcrumb","itemListElement":[{"@type":"ListItem","position":1,"name":"Home","item":"http:\/\/www.ommertalhof.de\/"},{"@type":"ListItem","position":2,"name":"\u00dcber Uns"}]},{"@type":"WebSite","@id":"http:\/\/www.ommertalhof.de\/#website","url":"http:\/\/www.ommertalhof.de\/","name":"Ommertalhof","description":"Gartenmanufaktur und Landschaftsbau","potentialAction":[{"@type":"SearchAction","target":{"@type":"EntryPoint","urlTemplate":"http:\/\/www.ommertalhof.de\/?s={search_term_string}"},"query-input":"required name=search_term_string"}],"inLanguage":"de"}]}},"_links":{"self":[{"href":"http:\/\/www.ommertalhof.de\/index.php?rest_route=\/wp\/v2\/pages\/11"}],"collection":[{"href":"http:\/\/www.ommertalhof.de\/index.php?rest_route=\/wp\/v2\/pages"}],"about":[{"href":"http:\/\/www.ommertalhof.de\/index.php?rest_route=\/wp\/v2\/types\/page"}],"author":[{"embeddable":true,"href":"http:\/\/www.ommertalhof.de\/index.php?rest_route=\/wp\/v2\/users\/1"}],"replies":[{"embeddable":true,"href":"http:\/\/www.ommertalhof.de\/index.php?rest_route=%2Fwp%2Fv2%2Fcomments&post=11"}],"version-history":[{"count":25,"href":"http:\/\/www.ommertalhof.de\/index.php?rest_route=\/wp\/v2\/pages\/11\/revisions"}],"predecessor-version":[{"id":1450,"href":"http:\/\/www.ommertalhof.de\/index.php?rest_route=\/wp\/v2\/pages\/11\/revisions\/1450"}],"wp:attachment":[{"href":"http:\/\/www.ommertalhof.de\/index.php?rest_route=%2Fwp%2Fv2%2Fmedia&parent=11"}],"curies":[{"name":"wp","href":"https:\/\/api.w.org\/{rel}","templated":true}]}}