{"id":1415,"date":"2024-08-10T16:16:15","date_gmt":"2024-08-10T14:16:15","guid":{"rendered":"http:\/\/www.ommertalhof.de\/?page_id=1415"},"modified":"2024-08-10T16:22:22","modified_gmt":"2024-08-10T14:22:22","slug":"aktuelles","status":"publish","type":"page","link":"http:\/\/www.ommertalhof.de\/?page_id=1415","title":{"rendered":"Aktuelles"},"content":{"rendered":"\n<div class=\"wp-block-query alignwide is-layout-flow wp-block-query-is-layout-flow\"><ul class=\"wp-block-post-template is-layout-flow wp-block-post-template-is-layout-flow\"><li class=\"wp-block-post post-1276 post type-post status-publish format-standard has-post-thumbnail hentry category-beitrag tag-callwey tag-drywall tag-gaertendesjahres tag-naturstein tag-natursteinmauer tag-patchworkmauer tag-retainingwall tag-trockenmauer\">\n\n<div class=\"wp-block-columns alignwide is-layout-flex wp-container-core-columns-is-layout-1 wp-block-columns-is-layout-flex\">\n<div class=\"wp-block-column is-layout-flow wp-block-column-is-layout-flow\" style=\"flex-basis:66.66%\"><figure class=\"wp-block-post-featured-image\"><a href=\"http:\/\/www.ommertalhof.de\/?p=1276\" target=\"_self\"  ><img loading=\"lazy\" decoding=\"async\" width=\"2560\" height=\"1707\" src=\"http:\/\/www.ommertalhof.de\/wp-content\/uploads\/2020\/02\/Gaerten-des-Jahres-Totale-scaled.jpg\" class=\"attachment-post-thumbnail size-post-thumbnail wp-post-image\" alt=\"G\u00e4rten des Jahres 2026 Callwey , wir sind im Buch!\" style=\"object-fit:cover;\" srcset=\"http:\/\/www.ommertalhof.de\/wp-content\/uploads\/2020\/02\/Gaerten-des-Jahres-Totale-scaled.jpg 2560w, http:\/\/www.ommertalhof.de\/wp-content\/uploads\/2020\/02\/Gaerten-des-Jahres-Totale-300x200.jpg 300w, http:\/\/www.ommertalhof.de\/wp-content\/uploads\/2020\/02\/Gaerten-des-Jahres-Totale-1024x683.jpg 1024w, http:\/\/www.ommertalhof.de\/wp-content\/uploads\/2020\/02\/Gaerten-des-Jahres-Totale-768x512.jpg 768w, http:\/\/www.ommertalhof.de\/wp-content\/uploads\/2020\/02\/Gaerten-des-Jahres-Totale-1536x1024.jpg 1536w, http:\/\/www.ommertalhof.de\/wp-content\/uploads\/2020\/02\/Gaerten-des-Jahres-Totale-2048x1365.jpg 2048w, http:\/\/www.ommertalhof.de\/wp-content\/uploads\/2020\/02\/Gaerten-des-Jahres-Totale-1240x827.jpg 1240w, http:\/\/www.ommertalhof.de\/wp-content\/uploads\/2020\/02\/Gaerten-des-Jahres-Totale-508x339.jpg 508w\" sizes=\"(max-width: 2560px) 100vw, 2560px\" \/><\/a><\/figure><\/div>\n\n\n\n<div class=\"wp-block-column is-layout-flow wp-block-column-is-layout-flow\" style=\"flex-basis:33.33%\"><h2 class=\"wp-block-post-title\"><a href=\"http:\/\/www.ommertalhof.de\/?p=1276\" target=\"_self\" >G\u00e4rten des Jahres 2026 Callwey , wir sind im Buch!<\/a><\/h2>\n\n<div class=\"wp-block-post-excerpt\"><p class=\"wp-block-post-excerpt__excerpt\">Dieses Jahr sind wir wieder unter den 50 besten G\u00e4rten aus dem deutschsprachigen Raum. Der Callwey Verlag und eine hochkar\u00e4tige Jury haben 50 G\u00e4rten augelobt , die im aktuellen Buch &#8222;G\u00e4rten des Jahres 2026&#8220; zu sehen sind. Wir sind mit dem &#8222;Waldartiger Wunschgarten&#8220; im Buch. <\/p><\/div><\/div>\n<\/div>\n\n<\/li><li class=\"wp-block-post post-1258 post type-post status-publish format-standard has-post-thumbnail hentry category-beitrag\">\n\n<div class=\"wp-block-columns alignwide is-layout-flex wp-container-core-columns-is-layout-2 wp-block-columns-is-layout-flex\">\n<div class=\"wp-block-column is-layout-flow wp-block-column-is-layout-flow\" style=\"flex-basis:66.66%\"><figure class=\"wp-block-post-featured-image\"><a href=\"http:\/\/www.ommertalhof.de\/?p=1258\" target=\"_self\"  ><img loading=\"lazy\" decoding=\"async\" width=\"310\" height=\"420\" src=\"http:\/\/www.ommertalhof.de\/wp-content\/uploads\/2019\/09\/DSC_0055-310x420.jpg\" class=\"attachment-post-thumbnail size-post-thumbnail wp-post-image\" alt=\"Seminarsaison 2026: Trockenmauerbau und andere Lehrg\u00e4nge.\" style=\"object-fit:cover;\" \/><\/a><\/figure><\/div>\n\n\n\n<div class=\"wp-block-column is-layout-flow wp-block-column-is-layout-flow\" style=\"flex-basis:33.33%\"><h2 class=\"wp-block-post-title\"><a href=\"http:\/\/www.ommertalhof.de\/?p=1258\" target=\"_self\" >Seminarsaison 2026: Trockenmauerbau und andere Lehrg\u00e4nge.<\/a><\/h2>\n\n<div class=\"wp-block-post-excerpt\"><p class=\"wp-block-post-excerpt__excerpt\">Liebe Gartenfreunde,\u00a0 auch 2026 werden wir wieder Trockenmauerbaukurse abhalten. Trockenmauer. Hangabfang f\u00fcr \u00c4stheten . Die Infos. Das Profiseminar \u00fcber 1,5 Tage umfasst den Besuch des Steinbruches Otto Schiffarth , dort laden wir selbstgewonnene , lagerhafte Mauersteine. Zur\u00fcck auf dem Ommertalhof gibt es eine Kurzf\u00fchrung durch unseren Schaugarten, danach Theorie. Tag 2 startet mit praktischer Theorie&hellip; <\/p><\/div><\/div>\n<\/div>\n\n<\/li><li class=\"wp-block-post post-1223 post type-post status-publish format-standard has-post-thumbnail hentry category-beitrag\">\n\n<div class=\"wp-block-columns alignwide is-layout-flex wp-container-core-columns-is-layout-3 wp-block-columns-is-layout-flex\">\n<div class=\"wp-block-column is-layout-flow wp-block-column-is-layout-flow\" style=\"flex-basis:66.66%\"><figure class=\"wp-block-post-featured-image\"><a href=\"http:\/\/www.ommertalhof.de\/?p=1223\" target=\"_self\"  ><img loading=\"lazy\" decoding=\"async\" width=\"310\" height=\"420\" src=\"http:\/\/www.ommertalhof.de\/wp-content\/uploads\/2018\/12\/DSCN2052-310x420.jpg\" class=\"attachment-post-thumbnail size-post-thumbnail wp-post-image\" alt=\"Der Narzissentag auf dem OMMERTALHOF 2026 findet statt. Am 29.03.2026 ist der Garten wieder f\u00fcr Besucher ge\u00f6ffnet.\" style=\"object-fit:cover;\" \/><\/a><\/figure><\/div>\n\n\n\n<div class=\"wp-block-column is-layout-flow wp-block-column-is-layout-flow\" style=\"flex-basis:33.33%\"><h2 class=\"wp-block-post-title\"><a href=\"http:\/\/www.ommertalhof.de\/?p=1223\" target=\"_self\" >Der Narzissentag auf dem OMMERTALHOF 2026 findet statt. Am 29.03.2026 ist der Garten wieder f\u00fcr Besucher ge\u00f6ffnet.<\/a><\/h2>\n\n<div class=\"wp-block-post-excerpt\"><p class=\"wp-block-post-excerpt__excerpt\">Narzissentag diesmal schon im M\u00e4rz . Hof T\u00fcschenbonnen , bei 53804 Much nimmt teil. Eintritt 4.- pro Person Ausserdem freuen wir uns auf die Offene Gartenpforte im Juni . Flyer gibt\u00b4s bei uns am Hof. <\/p><\/div><\/div>\n<\/div>\n\n<\/li><li class=\"wp-block-post post-1188 post type-post status-publish format-standard has-post-thumbnail hentry category-beitrag tag-bergischegartentour tag-gehoelze tag-naturnah tag-offenegartenpforte tag-offenegartentuer tag-ommertalhof tag-opengarden tag-stauden tag-wildbienen tag-wildstauden\">\n\n<div class=\"wp-block-columns alignwide is-layout-flex wp-container-core-columns-is-layout-4 wp-block-columns-is-layout-flex\">\n<div class=\"wp-block-column is-layout-flow wp-block-column-is-layout-flow\" style=\"flex-basis:66.66%\"><figure class=\"wp-block-post-featured-image\"><a href=\"http:\/\/www.ommertalhof.de\/?p=1188\" target=\"_self\"  ><img loading=\"lazy\" decoding=\"async\" width=\"310\" height=\"420\" src=\"http:\/\/www.ommertalhof.de\/wp-content\/uploads\/2017\/03\/DSCN6753-310x420.jpg\" class=\"attachment-post-thumbnail size-post-thumbnail wp-post-image\" alt=\"Offene Gartenpforte auf dem Ommertalhof . 7.06. &amp; 14.06.2026 . Ausserdem am 20.09.2026.   30 Jahre Ommertalhof 1996-2026\" style=\"object-fit:cover;\" \/><\/a><\/figure><\/div>\n\n\n\n<div class=\"wp-block-column is-layout-flow wp-block-column-is-layout-flow\" style=\"flex-basis:33.33%\"><h2 class=\"wp-block-post-title\"><a href=\"http:\/\/www.ommertalhof.de\/?p=1188\" target=\"_self\" >Offene Gartenpforte auf dem Ommertalhof . 7.06. &amp; 14.06.2026 . Ausserdem am 20.09.2026.   30 Jahre Ommertalhof 1996-2026<\/a><\/h2>\n\n<div class=\"wp-block-post-excerpt\"><p class=\"wp-block-post-excerpt__excerpt\">Dieses Jahr findet zum 18. Mal die Offene Gartenpforte auf dem Ommertalhof statt . Es gibt wieder Kaffee , Kuchen , Kaltgetr\u00e4nke! Staudenverkauf. An den drei Terminen im Juni erwartet Sie jeweils an den ersten drei Sonntagen im Juni ein Bl\u00fctenmeer an Stauden und Geh\u00f6lzen . In der Saison 2026 sind einige Gartenteile \u00fcberarbeitet worden&hellip; <\/p><\/div><\/div>\n<\/div>\n\n<\/li><\/ul><\/div>\n","protected":false},"excerpt":{"rendered":"","protected":false},"author":1,"featured_media":0,"parent":0,"menu_order":0,"comment_status":"closed","ping_status":"closed","template":"","meta":{"_exactmetrics_skip_tracking":false,"_exactmetrics_sitenote_active":false,"_exactmetrics_sitenote_note":"","_exactmetrics_sitenote_category":0,"_monsterinsights_skip_tracking":false,"_monsterinsights_sitenote_active":false,"_monsterinsights_sitenote_note":"","_monsterinsights_sitenote_category":0,"footnotes":""},"class_list":["post-1415","page","type-page","status-publish","hentry"],"yoast_head":"<!-- This site is optimized with the Yoast SEO plugin v23.2 - https:\/\/yoast.com\/wordpress\/plugins\/seo\/ -->\n<title>Aktuelles vom Ommertalhof<\/title>\n<meta name=\"robots\" content=\"index, follow, max-snippet:-1, max-image-preview:large, max-video-preview:-1\" \/>\n<link rel=\"canonical\" href=\"http:\/\/www.ommertalhof.de\/?page_id=1415\" \/>\n<meta property=\"og:locale\" content=\"de_DE\" \/>\n<meta property=\"og:type\" content=\"article\" \/>\n<meta property=\"og:title\" content=\"Aktuelles vom Ommertalhof\" \/>\n<meta property=\"og:url\" content=\"http:\/\/www.ommertalhof.de\/?page_id=1415\" \/>\n<meta property=\"og:site_name\" content=\"Ommertalhof\" \/>\n<meta property=\"article:modified_time\" content=\"2024-08-10T14:22:22+00:00\" \/>\n<script type=\"application\/ld+json\" class=\"yoast-schema-graph\">{\"@context\":\"https:\/\/schema.org\",\"@graph\":[{\"@type\":\"WebPage\",\"@id\":\"http:\/\/www.ommertalhof.de\/?page_id=1415\",\"url\":\"http:\/\/www.ommertalhof.de\/?page_id=1415\",\"name\":\"Aktuelles vom Ommertalhof\",\"isPartOf\":{\"@id\":\"http:\/\/www.ommertalhof.de\/#website\"},\"datePublished\":\"2024-08-10T14:16:15+00:00\",\"dateModified\":\"2024-08-10T14:22:22+00:00\",\"breadcrumb\":{\"@id\":\"http:\/\/www.ommertalhof.de\/?page_id=1415#breadcrumb\"},\"inLanguage\":\"de\",\"potentialAction\":[{\"@type\":\"ReadAction\",\"target\":[\"http:\/\/www.ommertalhof.de\/?page_id=1415\"]}]},{\"@type\":\"BreadcrumbList\",\"@id\":\"http:\/\/www.ommertalhof.de\/?page_id=1415#breadcrumb\",\"itemListElement\":[{\"@type\":\"ListItem\",\"position\":1,\"name\":\"Home\",\"item\":\"http:\/\/www.ommertalhof.de\/\"},{\"@type\":\"ListItem\",\"position\":2,\"name\":\"Aktuelles\"}]},{\"@type\":\"WebSite\",\"@id\":\"http:\/\/www.ommertalhof.de\/#website\",\"url\":\"http:\/\/www.ommertalhof.de\/\",\"name\":\"Ommertalhof\",\"description\":\"Gartenmanufaktur und Landschaftsbau\",\"potentialAction\":[{\"@type\":\"SearchAction\",\"target\":{\"@type\":\"EntryPoint\",\"urlTemplate\":\"http:\/\/www.ommertalhof.de\/?s={search_term_string}\"},\"query-input\":\"required name=search_term_string\"}],\"inLanguage\":\"de\"}]}<\/script>\n<!-- \/ Yoast SEO plugin. -->","yoast_head_json":{"title":"Aktuelles vom Ommertalhof","robots":{"index":"index","follow":"follow","max-snippet":"max-snippet:-1","max-image-preview":"max-image-preview:large","max-video-preview":"max-video-preview:-1"},"canonical":"http:\/\/www.ommertalhof.de\/?page_id=1415","og_locale":"de_DE","og_type":"article","og_title":"Aktuelles vom Ommertalhof","og_url":"http:\/\/www.ommertalhof.de\/?page_id=1415","og_site_name":"Ommertalhof","article_modified_time":"2024-08-10T14:22:22+00:00","schema":{"@context":"https:\/\/schema.org","@graph":[{"@type":"WebPage","@id":"http:\/\/www.ommertalhof.de\/?page_id=1415","url":"http:\/\/www.ommertalhof.de\/?page_id=1415","name":"Aktuelles vom Ommertalhof","isPartOf":{"@id":"http:\/\/www.ommertalhof.de\/#website"},"datePublished":"2024-08-10T14:16:15+00:00","dateModified":"2024-08-10T14:22:22+00:00","breadcrumb":{"@id":"http:\/\/www.ommertalhof.de\/?page_id=1415#breadcrumb"},"inLanguage":"de","potentialAction":[{"@type":"ReadAction","target":["http:\/\/www.ommertalhof.de\/?page_id=1415"]}]},{"@type":"BreadcrumbList","@id":"http:\/\/www.ommertalhof.de\/?page_id=1415#breadcrumb","itemListElement":[{"@type":"ListItem","position":1,"name":"Home","item":"http:\/\/www.ommertalhof.de\/"},{"@type":"ListItem","position":2,"name":"Aktuelles"}]},{"@type":"WebSite","@id":"http:\/\/www.ommertalhof.de\/#website","url":"http:\/\/www.ommertalhof.de\/","name":"Ommertalhof","description":"Gartenmanufaktur und Landschaftsbau","potentialAction":[{"@type":"SearchAction","target":{"@type":"EntryPoint","urlTemplate":"http:\/\/www.ommertalhof.de\/?s={search_term_string}"},"query-input":"required name=search_term_string"}],"inLanguage":"de"}]}},"_links":{"self":[{"href":"http:\/\/www.ommertalhof.de\/index.php?rest_route=\/wp\/v2\/pages\/1415"}],"collection":[{"href":"http:\/\/www.ommertalhof.de\/index.php?rest_route=\/wp\/v2\/pages"}],"about":[{"href":"http:\/\/www.ommertalhof.de\/index.php?rest_route=\/wp\/v2\/types\/page"}],"author":[{"embeddable":true,"href":"http:\/\/www.ommertalhof.de\/index.php?rest_route=\/wp\/v2\/users\/1"}],"replies":[{"embeddable":true,"href":"http:\/\/www.ommertalhof.de\/index.php?rest_route=%2Fwp%2Fv2%2Fcomments&post=1415"}],"version-history":[{"count":2,"href":"http:\/\/www.ommertalhof.de\/index.php?rest_route=\/wp\/v2\/pages\/1415\/revisions"}],"predecessor-version":[{"id":1418,"href":"http:\/\/www.ommertalhof.de\/index.php?rest_route=\/wp\/v2\/pages\/1415\/revisions\/1418"}],"wp:attachment":[{"href":"http:\/\/www.ommertalhof.de\/index.php?rest_route=%2Fwp%2Fv2%2Fmedia&parent=1415"}],"curies":[{"name":"wp","href":"https:\/\/api.w.org\/{rel}","templated":true}]}}