{"id":23,"date":"2014-04-22T21:52:11","date_gmt":"2014-04-22T19:52:11","guid":{"rendered":"http:\/\/www.ommertalhof.de\/?page_id=23"},"modified":"2024-08-10T17:12:07","modified_gmt":"2024-08-10T15:12:07","slug":"ziegelsteinarbeiten","status":"publish","type":"page","link":"http:\/\/www.ommertalhof.de\/?page_id=23","title":{"rendered":"Ziegelsteinarbeiten"},"content":{"rendered":"\n<p><\/p>\n\n\n\n<figure class=\"wp-block-gallery has-nested-images columns-default is-cropped wp-block-gallery-1 is-layout-flex wp-block-gallery-is-layout-flex\">\n<figure class=\"wp-block-image size-large\"><a href=\"http:\/\/www.ommertalhof.de\/wp-content\/uploads\/2022\/12\/DSC07161.jpg\"><img loading=\"lazy\" decoding=\"async\" width=\"768\" height=\"1024\" data-id=\"1360\" src=\"http:\/\/www.ommertalhof.de\/wp-content\/uploads\/2022\/12\/DSC07161-768x1024.jpg\" alt=\"\" class=\"wp-image-1360\" srcset=\"http:\/\/www.ommertalhof.de\/wp-content\/uploads\/2022\/12\/DSC07161-768x1024.jpg 768w, http:\/\/www.ommertalhof.de\/wp-content\/uploads\/2022\/12\/DSC07161-225x300.jpg 225w, http:\/\/www.ommertalhof.de\/wp-content\/uploads\/2022\/12\/DSC07161-720x960.jpg 720w, http:\/\/www.ommertalhof.de\/wp-content\/uploads\/2022\/12\/DSC07161-1200x1600.jpg 1200w, http:\/\/www.ommertalhof.de\/wp-content\/uploads\/2022\/12\/DSC07161.jpg 1704w\" sizes=\"(max-width: 768px) 100vw, 768px\" \/><\/a><\/figure>\n\n\n\n<figure class=\"wp-block-image size-large\"><a href=\"http:\/\/www.ommertalhof.de\/wp-content\/uploads\/2022\/12\/DSC07960.jpg\"><img loading=\"lazy\" decoding=\"async\" width=\"1024\" height=\"768\" data-id=\"1362\" src=\"http:\/\/www.ommertalhof.de\/wp-content\/uploads\/2022\/12\/DSC07960-1024x768.jpg\" alt=\"\" class=\"wp-image-1362\" srcset=\"http:\/\/www.ommertalhof.de\/wp-content\/uploads\/2022\/12\/DSC07960-1024x768.jpg 1024w, http:\/\/www.ommertalhof.de\/wp-content\/uploads\/2022\/12\/DSC07960-300x225.jpg 300w, http:\/\/www.ommertalhof.de\/wp-content\/uploads\/2022\/12\/DSC07960-768x576.jpg 768w, http:\/\/www.ommertalhof.de\/wp-content\/uploads\/2022\/12\/DSC07960-960x720.jpg 960w, http:\/\/www.ommertalhof.de\/wp-content\/uploads\/2022\/12\/DSC07960-1600x1200.jpg 1600w\" sizes=\"(max-width: 1024px) 100vw, 1024px\" \/><\/a><\/figure>\n\n\n\n<figure class=\"wp-block-image size-large\"><a href=\"http:\/\/www.ommertalhof.de\/wp-content\/uploads\/2022\/12\/P1170935.jpg\"><img loading=\"lazy\" decoding=\"async\" width=\"1024\" height=\"768\" data-id=\"1351\" src=\"http:\/\/www.ommertalhof.de\/wp-content\/uploads\/2022\/12\/P1170935-1024x768.jpg\" alt=\"\" class=\"wp-image-1351\" srcset=\"http:\/\/www.ommertalhof.de\/wp-content\/uploads\/2022\/12\/P1170935-1024x768.jpg 1024w, http:\/\/www.ommertalhof.de\/wp-content\/uploads\/2022\/12\/P1170935-300x225.jpg 300w, http:\/\/www.ommertalhof.de\/wp-content\/uploads\/2022\/12\/P1170935-768x576.jpg 768w, http:\/\/www.ommertalhof.de\/wp-content\/uploads\/2022\/12\/P1170935-960x720.jpg 960w, http:\/\/www.ommertalhof.de\/wp-content\/uploads\/2022\/12\/P1170935-1600x1200.jpg 1600w\" sizes=\"(max-width: 1024px) 100vw, 1024px\" \/><\/a><\/figure>\n\n\n\n<figure class=\"wp-block-image size-large\"><a href=\"http:\/\/www.ommertalhof.de\/wp-content\/uploads\/2022\/12\/DSCN3778.jpg\"><img loading=\"lazy\" decoding=\"async\" width=\"768\" height=\"1024\" data-id=\"1349\" src=\"http:\/\/www.ommertalhof.de\/wp-content\/uploads\/2022\/12\/DSCN3778-768x1024.jpg\" alt=\"\" class=\"wp-image-1349\" srcset=\"http:\/\/www.ommertalhof.de\/wp-content\/uploads\/2022\/12\/DSCN3778-768x1024.jpg 768w, http:\/\/www.ommertalhof.de\/wp-content\/uploads\/2022\/12\/DSCN3778-225x300.jpg 225w, http:\/\/www.ommertalhof.de\/wp-content\/uploads\/2022\/12\/DSCN3778-720x960.jpg 720w, http:\/\/www.ommertalhof.de\/wp-content\/uploads\/2022\/12\/DSCN3778-1200x1600.jpg 1200w, http:\/\/www.ommertalhof.de\/wp-content\/uploads\/2022\/12\/DSCN3778.jpg 1704w\" sizes=\"(max-width: 768px) 100vw, 768px\" \/><\/a><\/figure>\n\n\n\n<figure class=\"wp-block-image size-large\"><a href=\"http:\/\/www.ommertalhof.de\/wp-content\/uploads\/2015\/02\/DSCN1945.jpg\"><img loading=\"lazy\" decoding=\"async\" width=\"768\" height=\"1024\" data-id=\"1063\" src=\"http:\/\/www.ommertalhof.de\/wp-content\/uploads\/2015\/02\/DSCN1945-768x1024.jpg\" alt=\"\" class=\"wp-image-1063\" srcset=\"http:\/\/www.ommertalhof.de\/wp-content\/uploads\/2015\/02\/DSCN1945-768x1024.jpg 768w, http:\/\/www.ommertalhof.de\/wp-content\/uploads\/2015\/02\/DSCN1945-224x300.jpg 224w, http:\/\/www.ommertalhof.de\/wp-content\/uploads\/2015\/02\/DSCN1945-720x960.jpg 720w, http:\/\/www.ommertalhof.de\/wp-content\/uploads\/2015\/02\/DSCN1945-1200x1600.jpg 1200w, http:\/\/www.ommertalhof.de\/wp-content\/uploads\/2015\/02\/DSCN1945.jpg 1704w\" sizes=\"(max-width: 768px) 100vw, 768px\" \/><\/a><\/figure>\n\n\n\n<figure class=\"wp-block-image size-large\"><a href=\"http:\/\/www.ommertalhof.de\/wp-content\/uploads\/2014\/04\/DSCN1791.jpg\"><img loading=\"lazy\" decoding=\"async\" width=\"1000\" height=\"750\" data-id=\"829\" src=\"http:\/\/www.ommertalhof.de\/wp-content\/uploads\/2014\/04\/DSCN1791.jpg\" alt=\"\" class=\"wp-image-829\" srcset=\"http:\/\/www.ommertalhof.de\/wp-content\/uploads\/2014\/04\/DSCN1791.jpg 1000w, http:\/\/www.ommertalhof.de\/wp-content\/uploads\/2014\/04\/DSCN1791-300x225.jpg 300w, http:\/\/www.ommertalhof.de\/wp-content\/uploads\/2014\/04\/DSCN1791-960x720.jpg 960w\" sizes=\"(max-width: 1000px) 100vw, 1000px\" \/><\/a><\/figure>\n\n\n\n<figure class=\"wp-block-image size-large\"><a href=\"http:\/\/www.ommertalhof.de\/wp-content\/uploads\/2014\/04\/ziegelstein4.jpg\"><img loading=\"lazy\" decoding=\"async\" width=\"768\" height=\"1024\" data-id=\"547\" src=\"http:\/\/www.ommertalhof.de\/wp-content\/uploads\/2014\/04\/ziegelstein4-768x1024.jpg\" alt=\"\" class=\"wp-image-547\" srcset=\"http:\/\/www.ommertalhof.de\/wp-content\/uploads\/2014\/04\/ziegelstein4-768x1024.jpg 768w, http:\/\/www.ommertalhof.de\/wp-content\/uploads\/2014\/04\/ziegelstein4-225x300.jpg 225w, http:\/\/www.ommertalhof.de\/wp-content\/uploads\/2014\/04\/ziegelstein4-720x960.jpg 720w, http:\/\/www.ommertalhof.de\/wp-content\/uploads\/2014\/04\/ziegelstein4.jpg 1000w\" sizes=\"(max-width: 768px) 100vw, 768px\" \/><\/a><\/figure>\n\n\n\n<figure class=\"wp-block-image size-large\"><a href=\"http:\/\/www.ommertalhof.de\/wp-content\/uploads\/2014\/04\/ziegelstein5.jpg\"><img loading=\"lazy\" decoding=\"async\" width=\"1024\" height=\"768\" data-id=\"548\" src=\"http:\/\/www.ommertalhof.de\/wp-content\/uploads\/2014\/04\/ziegelstein5-1024x768.jpg\" alt=\"\" class=\"wp-image-548\" srcset=\"http:\/\/www.ommertalhof.de\/wp-content\/uploads\/2014\/04\/ziegelstein5-1024x768.jpg 1024w, http:\/\/www.ommertalhof.de\/wp-content\/uploads\/2014\/04\/ziegelstein5-300x225.jpg 300w, http:\/\/www.ommertalhof.de\/wp-content\/uploads\/2014\/04\/ziegelstein5-960x720.jpg 960w, http:\/\/www.ommertalhof.de\/wp-content\/uploads\/2014\/04\/ziegelstein5.jpg 1333w\" sizes=\"(max-width: 1024px) 100vw, 1024px\" \/><\/a><\/figure>\n\n\n\n<figure class=\"wp-block-image size-large\"><a href=\"http:\/\/www.ommertalhof.de\/wp-content\/uploads\/2014\/04\/PICT0390.jpg\"><img loading=\"lazy\" decoding=\"async\" width=\"1024\" height=\"768\" data-id=\"525\" src=\"http:\/\/www.ommertalhof.de\/wp-content\/uploads\/2014\/04\/PICT0390-1024x768.jpg\" alt=\"\" class=\"wp-image-525\" srcset=\"http:\/\/www.ommertalhof.de\/wp-content\/uploads\/2014\/04\/PICT0390-1024x768.jpg 1024w, http:\/\/www.ommertalhof.de\/wp-content\/uploads\/2014\/04\/PICT0390-300x225.jpg 300w, http:\/\/www.ommertalhof.de\/wp-content\/uploads\/2014\/04\/PICT0390-960x720.jpg 960w, http:\/\/www.ommertalhof.de\/wp-content\/uploads\/2014\/04\/PICT0390.jpg 1333w\" sizes=\"(max-width: 1024px) 100vw, 1024px\" \/><\/a><\/figure>\n\n\n\n<figure class=\"wp-block-image size-large\"><a href=\"http:\/\/www.ommertalhof.de\/wp-content\/uploads\/2014\/04\/PICT0376.jpg\"><img loading=\"lazy\" decoding=\"async\" width=\"1024\" height=\"768\" data-id=\"524\" src=\"http:\/\/www.ommertalhof.de\/wp-content\/uploads\/2014\/04\/PICT0376-1024x768.jpg\" alt=\"\" class=\"wp-image-524\" srcset=\"http:\/\/www.ommertalhof.de\/wp-content\/uploads\/2014\/04\/PICT0376-1024x768.jpg 1024w, http:\/\/www.ommertalhof.de\/wp-content\/uploads\/2014\/04\/PICT0376-300x225.jpg 300w, http:\/\/www.ommertalhof.de\/wp-content\/uploads\/2014\/04\/PICT0376-960x720.jpg 960w, http:\/\/www.ommertalhof.de\/wp-content\/uploads\/2014\/04\/PICT0376.jpg 1333w\" sizes=\"(max-width: 1024px) 100vw, 1024px\" \/><\/a><\/figure>\n\n\n\n<figure class=\"wp-block-image size-large\"><a href=\"http:\/\/www.ommertalhof.de\/wp-content\/uploads\/2014\/04\/naturstein2.jpg\"><img loading=\"lazy\" decoding=\"async\" width=\"768\" height=\"1024\" data-id=\"497\" src=\"http:\/\/www.ommertalhof.de\/wp-content\/uploads\/2014\/04\/naturstein2-768x1024.jpg\" alt=\"\" class=\"wp-image-497\" srcset=\"http:\/\/www.ommertalhof.de\/wp-content\/uploads\/2014\/04\/naturstein2-768x1024.jpg 768w, http:\/\/www.ommertalhof.de\/wp-content\/uploads\/2014\/04\/naturstein2-225x300.jpg 225w, http:\/\/www.ommertalhof.de\/wp-content\/uploads\/2014\/04\/naturstein2-720x960.jpg 720w, http:\/\/www.ommertalhof.de\/wp-content\/uploads\/2014\/04\/naturstein2.jpg 1000w\" sizes=\"(max-width: 768px) 100vw, 768px\" \/><\/a><\/figure>\n\n\n\n<figure class=\"wp-block-image size-large\"><a href=\"http:\/\/www.ommertalhof.de\/wp-content\/uploads\/2014\/04\/DSC07755.jpg\"><img loading=\"lazy\" decoding=\"async\" width=\"1024\" height=\"768\" data-id=\"463\" src=\"http:\/\/www.ommertalhof.de\/wp-content\/uploads\/2014\/04\/DSC07755-1024x768.jpg\" alt=\"\" class=\"wp-image-463\" srcset=\"http:\/\/www.ommertalhof.de\/wp-content\/uploads\/2014\/04\/DSC07755-1024x768.jpg 1024w, http:\/\/www.ommertalhof.de\/wp-content\/uploads\/2014\/04\/DSC07755-300x225.jpg 300w, http:\/\/www.ommertalhof.de\/wp-content\/uploads\/2014\/04\/DSC07755-960x720.jpg 960w, http:\/\/www.ommertalhof.de\/wp-content\/uploads\/2014\/04\/DSC07755.jpg 1333w\" sizes=\"(max-width: 1024px) 100vw, 1024px\" \/><\/a><\/figure>\n\n\n\n<figure class=\"wp-block-image size-large\"><a href=\"http:\/\/www.ommertalhof.de\/wp-content\/uploads\/2014\/04\/DSC07621.jpg\"><img loading=\"lazy\" decoding=\"async\" width=\"1024\" height=\"768\" data-id=\"462\" src=\"http:\/\/www.ommertalhof.de\/wp-content\/uploads\/2014\/04\/DSC07621-1024x768.jpg\" alt=\"\" class=\"wp-image-462\" srcset=\"http:\/\/www.ommertalhof.de\/wp-content\/uploads\/2014\/04\/DSC07621-1024x768.jpg 1024w, http:\/\/www.ommertalhof.de\/wp-content\/uploads\/2014\/04\/DSC07621-300x225.jpg 300w, http:\/\/www.ommertalhof.de\/wp-content\/uploads\/2014\/04\/DSC07621-960x720.jpg 960w, http:\/\/www.ommertalhof.de\/wp-content\/uploads\/2014\/04\/DSC07621.jpg 1333w\" sizes=\"(max-width: 1024px) 100vw, 1024px\" \/><\/a><\/figure>\n\n\n\n<figure class=\"wp-block-image size-large\"><a href=\"http:\/\/www.ommertalhof.de\/wp-content\/uploads\/2014\/04\/Ziegelstein.png\"><img loading=\"lazy\" decoding=\"async\" width=\"1000\" height=\"1000\" data-id=\"97\" src=\"http:\/\/www.ommertalhof.de\/wp-content\/uploads\/2014\/04\/Ziegelstein.png\" alt=\"\" class=\"wp-image-97\" srcset=\"http:\/\/www.ommertalhof.de\/wp-content\/uploads\/2014\/04\/Ziegelstein.png 1000w, http:\/\/www.ommertalhof.de\/wp-content\/uploads\/2014\/04\/Ziegelstein-150x150.png 150w, http:\/\/www.ommertalhof.de\/wp-content\/uploads\/2014\/04\/Ziegelstein-300x300.png 300w, http:\/\/www.ommertalhof.de\/wp-content\/uploads\/2014\/04\/Ziegelstein-960x960.png 960w\" sizes=\"(max-width: 1000px) 100vw, 1000px\" \/><\/a><\/figure>\n<\/figure>\n\n\n\n<p>Ziegelsteine &#8211; historischer Baustoff mit dem besonderen Flair. Mit Feldbrandsteinen oder Reichsklinkern schaffen Sie eine wohnliche Atmosph\u00e4re in Ihrem Garten. Mit diesen bis zu 250 Jahre alten Steinen bauen wir Brunnen, Gartenh\u00e4user, S\u00e4ulen, Mauern, Terrassen und Treppen.<\/p>\n","protected":false},"excerpt":{"rendered":"<p>Ziegelsteine &#8211; historischer Baustoff mit dem besonderen Flair. Mit Feldbrandsteinen oder Reichsklinkern schaffen Sie eine wohnliche Atmosph\u00e4re in Ihrem Garten. Mit diesen bis zu 250 Jahre alten Steinen bauen wir Brunnen, Gartenh\u00e4user, S\u00e4ulen, Mauern, Terrassen und Treppen.<\/p>\n","protected":false},"author":1,"featured_media":0,"parent":5,"menu_order":0,"comment_status":"open","ping_status":"open","template":"","meta":{"_exactmetrics_skip_tracking":false,"_exactmetrics_sitenote_active":false,"_exactmetrics_sitenote_note":"","_exactmetrics_sitenote_category":0,"_monsterinsights_skip_tracking":false,"_monsterinsights_sitenote_active":false,"_monsterinsights_sitenote_note":"","_monsterinsights_sitenote_category":0,"footnotes":""},"class_list":["post-23","page","type-page","status-publish","hentry"],"yoast_head":"<!-- This site is optimized with the Yoast SEO plugin v23.2 - https:\/\/yoast.com\/wordpress\/plugins\/seo\/ -->\n<title>Ziegelsteinarbeiten | Bergisches Land<\/title>\n<meta name=\"description\" content=\"Mit Feldbrandsteinen oder Reichsklinkern schaffen Sie eine wohnliche Atmosph\u00e4re in Ihrem Garten.\" \/>\n<meta name=\"robots\" content=\"index, follow, max-snippet:-1, max-image-preview:large, max-video-preview:-1\" \/>\n<link rel=\"canonical\" href=\"http:\/\/www.ommertalhof.de\/?page_id=23\" \/>\n<meta property=\"og:locale\" content=\"de_DE\" \/>\n<meta property=\"og:type\" content=\"article\" \/>\n<meta property=\"og:title\" content=\"Ziegelsteinarbeiten | Bergisches Land\" \/>\n<meta property=\"og:description\" content=\"Mit Feldbrandsteinen oder Reichsklinkern schaffen Sie eine wohnliche Atmosph\u00e4re in Ihrem Garten.\" \/>\n<meta property=\"og:url\" content=\"http:\/\/www.ommertalhof.de\/?page_id=23\" \/>\n<meta property=\"og:site_name\" content=\"Ommertalhof\" \/>\n<meta property=\"article:modified_time\" content=\"2024-08-10T15:12:07+00:00\" \/>\n<meta property=\"og:image\" content=\"http:\/\/www.ommertalhof.de\/wp-content\/uploads\/2022\/12\/DSC07161-768x1024.jpg\" \/>\n<meta name=\"twitter:label1\" content=\"Gesch\u00e4tzte Lesezeit\" \/>\n\t<meta name=\"twitter:data1\" content=\"4\u00a0Minuten\" \/>\n<script type=\"application\/ld+json\" class=\"yoast-schema-graph\">{\"@context\":\"https:\/\/schema.org\",\"@graph\":[{\"@type\":\"WebPage\",\"@id\":\"http:\/\/www.ommertalhof.de\/?page_id=23\",\"url\":\"http:\/\/www.ommertalhof.de\/?page_id=23\",\"name\":\"Ziegelsteinarbeiten | Bergisches Land\",\"isPartOf\":{\"@id\":\"http:\/\/www.ommertalhof.de\/#website\"},\"primaryImageOfPage\":{\"@id\":\"http:\/\/www.ommertalhof.de\/?page_id=23#primaryimage\"},\"image\":{\"@id\":\"http:\/\/www.ommertalhof.de\/?page_id=23#primaryimage\"},\"thumbnailUrl\":\"http:\/\/www.ommertalhof.de\/wp-content\/uploads\/2022\/12\/DSC07161-768x1024.jpg\",\"datePublished\":\"2014-04-22T19:52:11+00:00\",\"dateModified\":\"2024-08-10T15:12:07+00:00\",\"description\":\"Mit Feldbrandsteinen oder Reichsklinkern schaffen Sie eine wohnliche Atmosph\u00e4re in Ihrem Garten.\",\"breadcrumb\":{\"@id\":\"http:\/\/www.ommertalhof.de\/?page_id=23#breadcrumb\"},\"inLanguage\":\"de\",\"potentialAction\":[{\"@type\":\"ReadAction\",\"target\":[\"http:\/\/www.ommertalhof.de\/?page_id=23\"]}]},{\"@type\":\"ImageObject\",\"inLanguage\":\"de\",\"@id\":\"http:\/\/www.ommertalhof.de\/?page_id=23#primaryimage\",\"url\":\"http:\/\/www.ommertalhof.de\/wp-content\/uploads\/2022\/12\/DSC07161.jpg\",\"contentUrl\":\"http:\/\/www.ommertalhof.de\/wp-content\/uploads\/2022\/12\/DSC07161.jpg\",\"width\":1704,\"height\":2272},{\"@type\":\"BreadcrumbList\",\"@id\":\"http:\/\/www.ommertalhof.de\/?page_id=23#breadcrumb\",\"itemListElement\":[{\"@type\":\"ListItem\",\"position\":1,\"name\":\"Home\",\"item\":\"http:\/\/www.ommertalhof.de\/\"},{\"@type\":\"ListItem\",\"position\":2,\"name\":\"Fotogalerien\",\"item\":\"http:\/\/www.ommertalhof.de\/?page_id=5\"},{\"@type\":\"ListItem\",\"position\":3,\"name\":\"Ziegelsteinarbeiten\"}]},{\"@type\":\"WebSite\",\"@id\":\"http:\/\/www.ommertalhof.de\/#website\",\"url\":\"http:\/\/www.ommertalhof.de\/\",\"name\":\"Ommertalhof\",\"description\":\"Gartenmanufaktur und Landschaftsbau\",\"potentialAction\":[{\"@type\":\"SearchAction\",\"target\":{\"@type\":\"EntryPoint\",\"urlTemplate\":\"http:\/\/www.ommertalhof.de\/?s={search_term_string}\"},\"query-input\":\"required name=search_term_string\"}],\"inLanguage\":\"de\"}]}<\/script>\n<!-- \/ Yoast SEO plugin. -->","yoast_head_json":{"title":"Ziegelsteinarbeiten | Bergisches Land","description":"Mit Feldbrandsteinen oder Reichsklinkern schaffen Sie eine wohnliche Atmosph\u00e4re in Ihrem Garten.","robots":{"index":"index","follow":"follow","max-snippet":"max-snippet:-1","max-image-preview":"max-image-preview:large","max-video-preview":"max-video-preview:-1"},"canonical":"http:\/\/www.ommertalhof.de\/?page_id=23","og_locale":"de_DE","og_type":"article","og_title":"Ziegelsteinarbeiten | Bergisches Land","og_description":"Mit Feldbrandsteinen oder Reichsklinkern schaffen Sie eine wohnliche Atmosph\u00e4re in Ihrem Garten.","og_url":"http:\/\/www.ommertalhof.de\/?page_id=23","og_site_name":"Ommertalhof","article_modified_time":"2024-08-10T15:12:07+00:00","og_image":[{"url":"http:\/\/www.ommertalhof.de\/wp-content\/uploads\/2022\/12\/DSC07161-768x1024.jpg"}],"twitter_misc":{"Gesch\u00e4tzte Lesezeit":"4\u00a0Minuten"},"schema":{"@context":"https:\/\/schema.org","@graph":[{"@type":"WebPage","@id":"http:\/\/www.ommertalhof.de\/?page_id=23","url":"http:\/\/www.ommertalhof.de\/?page_id=23","name":"Ziegelsteinarbeiten | Bergisches Land","isPartOf":{"@id":"http:\/\/www.ommertalhof.de\/#website"},"primaryImageOfPage":{"@id":"http:\/\/www.ommertalhof.de\/?page_id=23#primaryimage"},"image":{"@id":"http:\/\/www.ommertalhof.de\/?page_id=23#primaryimage"},"thumbnailUrl":"http:\/\/www.ommertalhof.de\/wp-content\/uploads\/2022\/12\/DSC07161-768x1024.jpg","datePublished":"2014-04-22T19:52:11+00:00","dateModified":"2024-08-10T15:12:07+00:00","description":"Mit Feldbrandsteinen oder Reichsklinkern schaffen Sie eine wohnliche Atmosph\u00e4re in Ihrem Garten.","breadcrumb":{"@id":"http:\/\/www.ommertalhof.de\/?page_id=23#breadcrumb"},"inLanguage":"de","potentialAction":[{"@type":"ReadAction","target":["http:\/\/www.ommertalhof.de\/?page_id=23"]}]},{"@type":"ImageObject","inLanguage":"de","@id":"http:\/\/www.ommertalhof.de\/?page_id=23#primaryimage","url":"http:\/\/www.ommertalhof.de\/wp-content\/uploads\/2022\/12\/DSC07161.jpg","contentUrl":"http:\/\/www.ommertalhof.de\/wp-content\/uploads\/2022\/12\/DSC07161.jpg","width":1704,"height":2272},{"@type":"BreadcrumbList","@id":"http:\/\/www.ommertalhof.de\/?page_id=23#breadcrumb","itemListElement":[{"@type":"ListItem","position":1,"name":"Home","item":"http:\/\/www.ommertalhof.de\/"},{"@type":"ListItem","position":2,"name":"Fotogalerien","item":"http:\/\/www.ommertalhof.de\/?page_id=5"},{"@type":"ListItem","position":3,"name":"Ziegelsteinarbeiten"}]},{"@type":"WebSite","@id":"http:\/\/www.ommertalhof.de\/#website","url":"http:\/\/www.ommertalhof.de\/","name":"Ommertalhof","description":"Gartenmanufaktur und Landschaftsbau","potentialAction":[{"@type":"SearchAction","target":{"@type":"EntryPoint","urlTemplate":"http:\/\/www.ommertalhof.de\/?s={search_term_string}"},"query-input":"required name=search_term_string"}],"inLanguage":"de"}]}},"_links":{"self":[{"href":"http:\/\/www.ommertalhof.de\/index.php?rest_route=\/wp\/v2\/pages\/23"}],"collection":[{"href":"http:\/\/www.ommertalhof.de\/index.php?rest_route=\/wp\/v2\/pages"}],"about":[{"href":"http:\/\/www.ommertalhof.de\/index.php?rest_route=\/wp\/v2\/types\/page"}],"author":[{"embeddable":true,"href":"http:\/\/www.ommertalhof.de\/index.php?rest_route=\/wp\/v2\/users\/1"}],"replies":[{"embeddable":true,"href":"http:\/\/www.ommertalhof.de\/index.php?rest_route=%2Fwp%2Fv2%2Fcomments&post=23"}],"version-history":[{"count":7,"href":"http:\/\/www.ommertalhof.de\/index.php?rest_route=\/wp\/v2\/pages\/23\/revisions"}],"predecessor-version":[{"id":1431,"href":"http:\/\/www.ommertalhof.de\/index.php?rest_route=\/wp\/v2\/pages\/23\/revisions\/1431"}],"up":[{"embeddable":true,"href":"http:\/\/www.ommertalhof.de\/index.php?rest_route=\/wp\/v2\/pages\/5"}],"wp:attachment":[{"href":"http:\/\/www.ommertalhof.de\/index.php?rest_route=%2Fwp%2Fv2%2Fmedia&parent=23"}],"curies":[{"name":"wp","href":"https:\/\/api.w.org\/{rel}","templated":true}]}}