{"id":111,"date":"2014-04-22T23:04:07","date_gmt":"2014-04-22T21:04:07","guid":{"rendered":"http:\/\/www.ommertalhof.de\/?page_id=111"},"modified":"2018-05-24T23:25:50","modified_gmt":"2018-05-24T21:25:50","slug":"kontakt","status":"publish","type":"page","link":"https:\/\/www.ommertalhof.de\/?page_id=111","title":{"rendered":"Kontakt"},"content":{"rendered":"<div id=\"pl-111\"  class=\"panel-layout\" ><div id=\"pg-111-0\"  class=\"panel-grid panel-no-style\" ><div id=\"pgc-111-0-0\"  class=\"panel-grid-cell\" ><div id=\"panel-111-0-0-0\" class=\"so-panel widget panel-first-child\" data-index=\"0\" ><\/div><div id=\"panel-111-0-0-1\" class=\"so-panel widget widget_text panel-last-child\" data-index=\"1\" ><h3 class=\"widget-title\">F\u00fcr Anh\u00e4nge und \u00c4hnliches<\/h3>\t\t\t<div class=\"textwidget\">Wenn Sie Bilder mitsenden m\u00f6chten erreichen Sie uns unter dieser E-Mail-Adresse:\n\nommertalhof@gmx.de<\/div>\n\t\t<\/div><\/div><\/div><\/div>","protected":false},"excerpt":{"rendered":"<p>F\u00fcr Anh\u00e4nge und \u00c4hnliches Wenn Sie Bilder mitsenden m\u00f6chten erreichen Sie uns unter dieser E-Mail-Adresse: ommertalhof@gmx.de<\/p>\n","protected":false},"author":1,"featured_media":0,"parent":0,"menu_order":0,"comment_status":"closed","ping_status":"closed","template":"page-full.php","meta":{"_exactmetrics_skip_tracking":false,"_exactmetrics_sitenote_active":false,"_exactmetrics_sitenote_note":"","_exactmetrics_sitenote_category":0,"_monsterinsights_skip_tracking":false,"_monsterinsights_sitenote_active":false,"_monsterinsights_sitenote_note":"","_monsterinsights_sitenote_category":0,"footnotes":""},"class_list":["post-111","page","type-page","status-publish","hentry"],"yoast_head":"<!-- This site is optimized with the Yoast SEO plugin v23.2 - https:\/\/yoast.com\/wordpress\/plugins\/seo\/ -->\n<title>Kontakt - Schroeder | Gartenmanufaktur und Landschaftsbau<\/title>\n<meta name=\"description\" content=\"Nehmen Sie mit Schroeder | Gartenmanufaktur und Landschaftsbau Kontakt auf.\" \/>\n<meta name=\"robots\" content=\"index, follow, max-snippet:-1, max-image-preview:large, max-video-preview:-1\" \/>\n<link rel=\"canonical\" href=\"https:\/\/www.ommertalhof.de\/?page_id=111\" \/>\n<meta property=\"og:locale\" content=\"de_DE\" \/>\n<meta property=\"og:type\" content=\"article\" \/>\n<meta property=\"og:title\" content=\"Kontakt - Schroeder | Gartenmanufaktur und Landschaftsbau\" \/>\n<meta property=\"og:description\" content=\"Nehmen Sie mit Schroeder | Gartenmanufaktur und Landschaftsbau Kontakt auf.\" \/>\n<meta property=\"og:url\" content=\"https:\/\/www.ommertalhof.de\/?page_id=111\" \/>\n<meta property=\"og:site_name\" content=\"Ommertalhof\" \/>\n<meta property=\"article:modified_time\" content=\"2018-05-24T21:25:50+00:00\" \/>\n<script type=\"application\/ld+json\" class=\"yoast-schema-graph\">{\"@context\":\"https:\/\/schema.org\",\"@graph\":[{\"@type\":\"WebPage\",\"@id\":\"https:\/\/www.ommertalhof.de\/?page_id=111\",\"url\":\"https:\/\/www.ommertalhof.de\/?page_id=111\",\"name\":\"Kontakt - Schroeder | Gartenmanufaktur und Landschaftsbau\",\"isPartOf\":{\"@id\":\"http:\/\/www.ommertalhof.de\/#website\"},\"datePublished\":\"2014-04-22T21:04:07+00:00\",\"dateModified\":\"2018-05-24T21:25:50+00:00\",\"description\":\"Nehmen Sie mit Schroeder | Gartenmanufaktur und Landschaftsbau Kontakt auf.\",\"breadcrumb\":{\"@id\":\"https:\/\/www.ommertalhof.de\/?page_id=111#breadcrumb\"},\"inLanguage\":\"de\",\"potentialAction\":[{\"@type\":\"ReadAction\",\"target\":[\"https:\/\/www.ommertalhof.de\/?page_id=111\"]}]},{\"@type\":\"BreadcrumbList\",\"@id\":\"https:\/\/www.ommertalhof.de\/?page_id=111#breadcrumb\",\"itemListElement\":[{\"@type\":\"ListItem\",\"position\":1,\"name\":\"Home\",\"item\":\"http:\/\/www.ommertalhof.de\/\"},{\"@type\":\"ListItem\",\"position\":2,\"name\":\"Kontakt\"}]},{\"@type\":\"WebSite\",\"@id\":\"http:\/\/www.ommertalhof.de\/#website\",\"url\":\"http:\/\/www.ommertalhof.de\/\",\"name\":\"Ommertalhof\",\"description\":\"Gartenmanufaktur und Landschaftsbau\",\"potentialAction\":[{\"@type\":\"SearchAction\",\"target\":{\"@type\":\"EntryPoint\",\"urlTemplate\":\"http:\/\/www.ommertalhof.de\/?s={search_term_string}\"},\"query-input\":\"required name=search_term_string\"}],\"inLanguage\":\"de\"}]}<\/script>\n<!-- \/ Yoast SEO plugin. -->","yoast_head_json":{"title":"Kontakt - Schroeder | Gartenmanufaktur und Landschaftsbau","description":"Nehmen Sie mit Schroeder | Gartenmanufaktur und Landschaftsbau Kontakt auf.","robots":{"index":"index","follow":"follow","max-snippet":"max-snippet:-1","max-image-preview":"max-image-preview:large","max-video-preview":"max-video-preview:-1"},"canonical":"https:\/\/www.ommertalhof.de\/?page_id=111","og_locale":"de_DE","og_type":"article","og_title":"Kontakt - Schroeder | Gartenmanufaktur und Landschaftsbau","og_description":"Nehmen Sie mit Schroeder | Gartenmanufaktur und Landschaftsbau Kontakt auf.","og_url":"https:\/\/www.ommertalhof.de\/?page_id=111","og_site_name":"Ommertalhof","article_modified_time":"2018-05-24T21:25:50+00:00","schema":{"@context":"https:\/\/schema.org","@graph":[{"@type":"WebPage","@id":"https:\/\/www.ommertalhof.de\/?page_id=111","url":"https:\/\/www.ommertalhof.de\/?page_id=111","name":"Kontakt - Schroeder | Gartenmanufaktur und Landschaftsbau","isPartOf":{"@id":"http:\/\/www.ommertalhof.de\/#website"},"datePublished":"2014-04-22T21:04:07+00:00","dateModified":"2018-05-24T21:25:50+00:00","description":"Nehmen Sie mit Schroeder | Gartenmanufaktur und Landschaftsbau Kontakt auf.","breadcrumb":{"@id":"https:\/\/www.ommertalhof.de\/?page_id=111#breadcrumb"},"inLanguage":"de","potentialAction":[{"@type":"ReadAction","target":["https:\/\/www.ommertalhof.de\/?page_id=111"]}]},{"@type":"BreadcrumbList","@id":"https:\/\/www.ommertalhof.de\/?page_id=111#breadcrumb","itemListElement":[{"@type":"ListItem","position":1,"name":"Home","item":"http:\/\/www.ommertalhof.de\/"},{"@type":"ListItem","position":2,"name":"Kontakt"}]},{"@type":"WebSite","@id":"http:\/\/www.ommertalhof.de\/#website","url":"http:\/\/www.ommertalhof.de\/","name":"Ommertalhof","description":"Gartenmanufaktur und Landschaftsbau","potentialAction":[{"@type":"SearchAction","target":{"@type":"EntryPoint","urlTemplate":"http:\/\/www.ommertalhof.de\/?s={search_term_string}"},"query-input":"required name=search_term_string"}],"inLanguage":"de"}]}},"_links":{"self":[{"href":"https:\/\/www.ommertalhof.de\/index.php?rest_route=\/wp\/v2\/pages\/111"}],"collection":[{"href":"https:\/\/www.ommertalhof.de\/index.php?rest_route=\/wp\/v2\/pages"}],"about":[{"href":"https:\/\/www.ommertalhof.de\/index.php?rest_route=\/wp\/v2\/types\/page"}],"author":[{"embeddable":true,"href":"https:\/\/www.ommertalhof.de\/index.php?rest_route=\/wp\/v2\/users\/1"}],"replies":[{"embeddable":true,"href":"https:\/\/www.ommertalhof.de\/index.php?rest_route=%2Fwp%2Fv2%2Fcomments&post=111"}],"version-history":[{"count":5,"href":"https:\/\/www.ommertalhof.de\/index.php?rest_route=\/wp\/v2\/pages\/111\/revisions"}],"predecessor-version":[{"id":1193,"href":"https:\/\/www.ommertalhof.de\/index.php?rest_route=\/wp\/v2\/pages\/111\/revisions\/1193"}],"wp:attachment":[{"href":"https:\/\/www.ommertalhof.de\/index.php?rest_route=%2Fwp%2Fv2%2Fmedia&parent=111"}],"curies":[{"name":"wp","href":"https:\/\/api.w.org\/{rel}","templated":true}]}}