{"id":17,"date":"2014-04-22T21:51:00","date_gmt":"2014-04-22T19:51:00","guid":{"rendered":"http:\/\/www.ommertalhof.de\/?page_id=17"},"modified":"2025-07-12T16:25:14","modified_gmt":"2025-07-12T14:25:14","slug":"pflanzungen","status":"publish","type":"page","link":"https:\/\/www.ommertalhof.de\/?page_id=17","title":{"rendered":"Pflanzungen"},"content":{"rendered":"\n<figure class=\"wp-block-gallery has-nested-images columns-default is-cropped wp-block-gallery-1 is-layout-flex wp-block-gallery-is-layout-flex\">\n<figure class=\"wp-block-image size-large\"><a href=\"http:\/\/www.ommertalhof.de\/wp-content\/uploads\/2022\/12\/P1230103.jpg\"><img loading=\"lazy\" decoding=\"async\" width=\"768\" height=\"1024\" data-id=\"1346\" src=\"http:\/\/www.ommertalhof.de\/wp-content\/uploads\/2022\/12\/P1230103-768x1024.jpg\" alt=\"\" class=\"wp-image-1346\" srcset=\"https:\/\/www.ommertalhof.de\/wp-content\/uploads\/2022\/12\/P1230103-768x1024.jpg 768w, https:\/\/www.ommertalhof.de\/wp-content\/uploads\/2022\/12\/P1230103-225x300.jpg 225w, https:\/\/www.ommertalhof.de\/wp-content\/uploads\/2022\/12\/P1230103-720x960.jpg 720w, https:\/\/www.ommertalhof.de\/wp-content\/uploads\/2022\/12\/P1230103-1200x1600.jpg 1200w\" sizes=\"(max-width: 768px) 100vw, 768px\" \/><\/a><\/figure>\n\n\n\n<figure class=\"wp-block-image size-large\"><a href=\"http:\/\/www.ommertalhof.de\/wp-content\/uploads\/2020\/02\/P1070249.jpg\"><img loading=\"lazy\" decoding=\"async\" width=\"768\" height=\"1024\" data-id=\"1281\" src=\"http:\/\/www.ommertalhof.de\/wp-content\/uploads\/2020\/02\/P1070249-768x1024.jpg\" alt=\"\" class=\"wp-image-1281\" srcset=\"https:\/\/www.ommertalhof.de\/wp-content\/uploads\/2020\/02\/P1070249-768x1024.jpg 768w, https:\/\/www.ommertalhof.de\/wp-content\/uploads\/2020\/02\/P1070249-225x300.jpg 225w, https:\/\/www.ommertalhof.de\/wp-content\/uploads\/2020\/02\/P1070249-720x960.jpg 720w, https:\/\/www.ommertalhof.de\/wp-content\/uploads\/2020\/02\/P1070249-1200x1600.jpg 1200w, https:\/\/www.ommertalhof.de\/wp-content\/uploads\/2020\/02\/P1070249.jpg 1536w\" sizes=\"(max-width: 768px) 100vw, 768px\" \/><\/a><\/figure>\n\n\n\n<figure class=\"wp-block-image size-large\"><a href=\"http:\/\/www.ommertalhof.de\/wp-content\/uploads\/2020\/02\/Bohl-Inselbeet-Gingko.jpg\"><img loading=\"lazy\" decoding=\"async\" width=\"1024\" height=\"683\" data-id=\"1278\" src=\"http:\/\/www.ommertalhof.de\/wp-content\/uploads\/2020\/02\/Bohl-Inselbeet-Gingko-1024x683.jpg\" alt=\"\" class=\"wp-image-1278\" srcset=\"https:\/\/www.ommertalhof.de\/wp-content\/uploads\/2020\/02\/Bohl-Inselbeet-Gingko-1024x683.jpg 1024w, https:\/\/www.ommertalhof.de\/wp-content\/uploads\/2020\/02\/Bohl-Inselbeet-Gingko-300x200.jpg 300w, https:\/\/www.ommertalhof.de\/wp-content\/uploads\/2020\/02\/Bohl-Inselbeet-Gingko-768x512.jpg 768w, https:\/\/www.ommertalhof.de\/wp-content\/uploads\/2020\/02\/Bohl-Inselbeet-Gingko-960x640.jpg 960w, https:\/\/www.ommertalhof.de\/wp-content\/uploads\/2020\/02\/Bohl-Inselbeet-Gingko.jpg 1186w\" sizes=\"(max-width: 1024px) 100vw, 1024px\" \/><\/a><\/figure>\n\n\n\n<figure class=\"wp-block-image size-large\"><a href=\"http:\/\/www.ommertalhof.de\/wp-content\/uploads\/2020\/02\/P1070560.jpg\"><img loading=\"lazy\" decoding=\"async\" width=\"1024\" height=\"768\" data-id=\"1277\" src=\"http:\/\/www.ommertalhof.de\/wp-content\/uploads\/2020\/02\/P1070560-1024x768.jpg\" alt=\"\" class=\"wp-image-1277\" srcset=\"https:\/\/www.ommertalhof.de\/wp-content\/uploads\/2020\/02\/P1070560-1024x768.jpg 1024w, https:\/\/www.ommertalhof.de\/wp-content\/uploads\/2020\/02\/P1070560-300x225.jpg 300w, https:\/\/www.ommertalhof.de\/wp-content\/uploads\/2020\/02\/P1070560-768x576.jpg 768w, https:\/\/www.ommertalhof.de\/wp-content\/uploads\/2020\/02\/P1070560-960x720.jpg 960w, https:\/\/www.ommertalhof.de\/wp-content\/uploads\/2020\/02\/P1070560.jpg 1066w\" sizes=\"(max-width: 1024px) 100vw, 1024px\" \/><\/a><\/figure>\n\n\n\n<figure class=\"wp-block-image size-large\"><a href=\"http:\/\/www.ommertalhof.de\/wp-content\/uploads\/2014\/04\/DSC07080.jpg\"><img loading=\"lazy\" decoding=\"async\" width=\"1024\" height=\"768\" data-id=\"455\" src=\"http:\/\/www.ommertalhof.de\/wp-content\/uploads\/2014\/04\/DSC07080-1024x768.jpg\" alt=\"\" class=\"wp-image-455\" srcset=\"https:\/\/www.ommertalhof.de\/wp-content\/uploads\/2014\/04\/DSC07080-1024x768.jpg 1024w, https:\/\/www.ommertalhof.de\/wp-content\/uploads\/2014\/04\/DSC07080-300x225.jpg 300w, https:\/\/www.ommertalhof.de\/wp-content\/uploads\/2014\/04\/DSC07080-960x720.jpg 960w, https:\/\/www.ommertalhof.de\/wp-content\/uploads\/2014\/04\/DSC07080.jpg 1333w\" sizes=\"(max-width: 1024px) 100vw, 1024px\" \/><\/a><\/figure>\n\n\n\n<figure class=\"wp-block-image size-large\"><a href=\"http:\/\/www.ommertalhof.de\/wp-content\/uploads\/2014\/04\/DSC05944.jpg\"><img loading=\"lazy\" decoding=\"async\" width=\"768\" height=\"1024\" data-id=\"443\" src=\"http:\/\/www.ommertalhof.de\/wp-content\/uploads\/2014\/04\/DSC05944-768x1024.jpg\" alt=\"\" class=\"wp-image-443\" srcset=\"https:\/\/www.ommertalhof.de\/wp-content\/uploads\/2014\/04\/DSC05944-768x1024.jpg 768w, https:\/\/www.ommertalhof.de\/wp-content\/uploads\/2014\/04\/DSC05944-225x300.jpg 225w, https:\/\/www.ommertalhof.de\/wp-content\/uploads\/2014\/04\/DSC05944-720x960.jpg 720w, https:\/\/www.ommertalhof.de\/wp-content\/uploads\/2014\/04\/DSC05944.jpg 1000w\" sizes=\"(max-width: 768px) 100vw, 768px\" \/><\/a><\/figure>\n\n\n\n<figure class=\"wp-block-image size-large\"><a href=\"http:\/\/www.ommertalhof.de\/wp-content\/uploads\/2014\/04\/DSCN0823.jpg\"><img loading=\"lazy\" decoding=\"async\" width=\"480\" height=\"640\" data-id=\"399\" src=\"http:\/\/www.ommertalhof.de\/wp-content\/uploads\/2014\/04\/DSCN0823.jpg\" alt=\"\" class=\"wp-image-399\" srcset=\"https:\/\/www.ommertalhof.de\/wp-content\/uploads\/2014\/04\/DSCN0823.jpg 480w, https:\/\/www.ommertalhof.de\/wp-content\/uploads\/2014\/04\/DSCN0823-225x300.jpg 225w\" sizes=\"(max-width: 480px) 100vw, 480px\" \/><\/a><\/figure>\n\n\n\n<figure class=\"wp-block-image size-large\"><a href=\"http:\/\/www.ommertalhof.de\/wp-content\/uploads\/2014\/04\/DSC06497.jpg\"><img loading=\"lazy\" decoding=\"async\" width=\"1024\" height=\"768\" data-id=\"449\" src=\"http:\/\/www.ommertalhof.de\/wp-content\/uploads\/2014\/04\/DSC06497-1024x768.jpg\" alt=\"\" class=\"wp-image-449\" srcset=\"https:\/\/www.ommertalhof.de\/wp-content\/uploads\/2014\/04\/DSC06497-1024x768.jpg 1024w, https:\/\/www.ommertalhof.de\/wp-content\/uploads\/2014\/04\/DSC06497-300x225.jpg 300w, https:\/\/www.ommertalhof.de\/wp-content\/uploads\/2014\/04\/DSC06497-960x720.jpg 960w, https:\/\/www.ommertalhof.de\/wp-content\/uploads\/2014\/04\/DSC06497.jpg 1333w\" sizes=\"(max-width: 1024px) 100vw, 1024px\" \/><\/a><\/figure>\n\n\n\n<figure class=\"wp-block-image size-large\"><a href=\"http:\/\/www.ommertalhof.de\/wp-content\/uploads\/2014\/04\/DSC06502.jpg\"><img loading=\"lazy\" decoding=\"async\" width=\"768\" height=\"1024\" data-id=\"450\" src=\"http:\/\/www.ommertalhof.de\/wp-content\/uploads\/2014\/04\/DSC06502-768x1024.jpg\" alt=\"\" class=\"wp-image-450\" srcset=\"https:\/\/www.ommertalhof.de\/wp-content\/uploads\/2014\/04\/DSC06502-768x1024.jpg 768w, https:\/\/www.ommertalhof.de\/wp-content\/uploads\/2014\/04\/DSC06502-225x300.jpg 225w, https:\/\/www.ommertalhof.de\/wp-content\/uploads\/2014\/04\/DSC06502-720x960.jpg 720w, https:\/\/www.ommertalhof.de\/wp-content\/uploads\/2014\/04\/DSC06502.jpg 1000w\" sizes=\"(max-width: 768px) 100vw, 768px\" \/><\/a><\/figure>\n\n\n\n<figure class=\"wp-block-image size-large\"><a href=\"http:\/\/www.ommertalhof.de\/wp-content\/uploads\/2014\/04\/pflanzungen5.jpg\"><img loading=\"lazy\" decoding=\"async\" width=\"1024\" height=\"768\" data-id=\"518\" src=\"http:\/\/www.ommertalhof.de\/wp-content\/uploads\/2014\/04\/pflanzungen5-1024x768.jpg\" alt=\"\" class=\"wp-image-518\" srcset=\"https:\/\/www.ommertalhof.de\/wp-content\/uploads\/2014\/04\/pflanzungen5-1024x768.jpg 1024w, https:\/\/www.ommertalhof.de\/wp-content\/uploads\/2014\/04\/pflanzungen5-300x225.jpg 300w, https:\/\/www.ommertalhof.de\/wp-content\/uploads\/2014\/04\/pflanzungen5-960x720.jpg 960w, https:\/\/www.ommertalhof.de\/wp-content\/uploads\/2014\/04\/pflanzungen5.jpg 1333w\" sizes=\"(max-width: 1024px) 100vw, 1024px\" \/><\/a><\/figure>\n\n\n\n<figure class=\"wp-block-image size-large\"><a href=\"http:\/\/www.ommertalhof.de\/wp-content\/uploads\/2014\/06\/DSCN1429-e1402302878967.jpg\"><img loading=\"lazy\" decoding=\"async\" width=\"768\" height=\"1024\" data-id=\"668\" src=\"http:\/\/www.ommertalhof.de\/wp-content\/uploads\/2014\/06\/DSCN1429-e1402302878967-768x1024.jpg\" alt=\"\" class=\"wp-image-668\" srcset=\"https:\/\/www.ommertalhof.de\/wp-content\/uploads\/2014\/06\/DSCN1429-e1402302878967-768x1024.jpg 768w, https:\/\/www.ommertalhof.de\/wp-content\/uploads\/2014\/06\/DSCN1429-e1402302878967-224x300.jpg 224w, https:\/\/www.ommertalhof.de\/wp-content\/uploads\/2014\/06\/DSCN1429-e1402302878967-720x960.jpg 720w, https:\/\/www.ommertalhof.de\/wp-content\/uploads\/2014\/06\/DSCN1429-e1402302878967-1200x1600.jpg 1200w, https:\/\/www.ommertalhof.de\/wp-content\/uploads\/2014\/06\/DSCN1429-e1402302878967.jpg 1704w\" sizes=\"(max-width: 768px) 100vw, 768px\" \/><\/a><\/figure>\n\n\n\n<figure class=\"wp-block-image size-large\"><a href=\"http:\/\/www.ommertalhof.de\/wp-content\/uploads\/2014\/04\/DSCN4401.jpg\"><img loading=\"lazy\" decoding=\"async\" width=\"768\" height=\"1024\" data-id=\"934\" src=\"http:\/\/www.ommertalhof.de\/wp-content\/uploads\/2014\/04\/DSCN4401-768x1024.jpg\" alt=\"\" class=\"wp-image-934\" srcset=\"https:\/\/www.ommertalhof.de\/wp-content\/uploads\/2014\/04\/DSCN4401-768x1024.jpg 768w, https:\/\/www.ommertalhof.de\/wp-content\/uploads\/2014\/04\/DSCN4401-225x300.jpg 225w, https:\/\/www.ommertalhof.de\/wp-content\/uploads\/2014\/04\/DSCN4401-720x960.jpg 720w, https:\/\/www.ommertalhof.de\/wp-content\/uploads\/2014\/04\/DSCN4401.jpg 1000w\" sizes=\"(max-width: 768px) 100vw, 768px\" \/><\/a><\/figure>\n\n\n\n<figure class=\"wp-block-image size-large\"><a href=\"http:\/\/www.ommertalhof.de\/wp-content\/uploads\/2015\/06\/DSCN4674.jpg\"><img loading=\"lazy\" decoding=\"async\" width=\"768\" height=\"1024\" data-id=\"847\" src=\"http:\/\/www.ommertalhof.de\/wp-content\/uploads\/2015\/06\/DSCN4674-768x1024.jpg\" alt=\"\" class=\"wp-image-847\" srcset=\"https:\/\/www.ommertalhof.de\/wp-content\/uploads\/2015\/06\/DSCN4674-768x1024.jpg 768w, https:\/\/www.ommertalhof.de\/wp-content\/uploads\/2015\/06\/DSCN4674-224x300.jpg 224w, https:\/\/www.ommertalhof.de\/wp-content\/uploads\/2015\/06\/DSCN4674-720x960.jpg 720w, https:\/\/www.ommertalhof.de\/wp-content\/uploads\/2015\/06\/DSCN4674-1200x1600.jpg 1200w, https:\/\/www.ommertalhof.de\/wp-content\/uploads\/2015\/06\/DSCN4674.jpg 1704w\" sizes=\"(max-width: 768px) 100vw, 768px\" \/><\/a><\/figure>\n<\/figure>\n\n\n<p>Bei unseren Gartenanlagen achten wir auf eine artenreiche Bepflanzung. Durch die selektive Auswahl von zumeist Wildstauden und vorwiegend ungef\u00fcllt bl\u00fchenden Geh\u00f6lzen, erreichen wir eine sehr lange Bl\u00fctezeit. So kann Ihr Garten schon von Anfang Februar bis in den November mit Farbe aufwarten.<\/p>\n<hr \/>\n\n\n<figure class=\"wp-block-gallery has-nested-images columns-default is-cropped wp-block-gallery-2 is-layout-flex wp-block-gallery-is-layout-flex\">\n<figure class=\"wp-block-image size-large\"><a href=\"http:\/\/www.ommertalhof.de\/wp-content\/uploads\/2025\/07\/Tor-Kopie.jpg\"><img loading=\"lazy\" decoding=\"async\" width=\"768\" height=\"1024\" data-id=\"1590\" src=\"http:\/\/www.ommertalhof.de\/wp-content\/uploads\/2025\/07\/Tor-Kopie-768x1024.jpg\" alt=\"\" class=\"wp-image-1590\" srcset=\"https:\/\/www.ommertalhof.de\/wp-content\/uploads\/2025\/07\/Tor-Kopie-768x1024.jpg 768w, https:\/\/www.ommertalhof.de\/wp-content\/uploads\/2025\/07\/Tor-Kopie-225x300.jpg 225w, https:\/\/www.ommertalhof.de\/wp-content\/uploads\/2025\/07\/Tor-Kopie-1152x1536.jpg 1152w, https:\/\/www.ommertalhof.de\/wp-content\/uploads\/2025\/07\/Tor-Kopie-1240x1653.jpg 1240w, https:\/\/www.ommertalhof.de\/wp-content\/uploads\/2025\/07\/Tor-Kopie-508x677.jpg 508w, https:\/\/www.ommertalhof.de\/wp-content\/uploads\/2025\/07\/Tor-Kopie.jpg 1536w\" sizes=\"(max-width: 768px) 100vw, 768px\" \/><\/a><\/figure>\n\n\n\n<figure class=\"wp-block-image size-large\"><a href=\"http:\/\/www.ommertalhof.de\/wp-content\/uploads\/2025\/07\/DSCN2942-scaled.jpg\"><img loading=\"lazy\" decoding=\"async\" width=\"768\" height=\"1024\" data-id=\"1589\" src=\"http:\/\/www.ommertalhof.de\/wp-content\/uploads\/2025\/07\/DSCN2942-768x1024.jpg\" alt=\"\" class=\"wp-image-1589\" srcset=\"https:\/\/www.ommertalhof.de\/wp-content\/uploads\/2025\/07\/DSCN2942-768x1024.jpg 768w, https:\/\/www.ommertalhof.de\/wp-content\/uploads\/2025\/07\/DSCN2942-225x300.jpg 225w, https:\/\/www.ommertalhof.de\/wp-content\/uploads\/2025\/07\/DSCN2942-1152x1536.jpg 1152w, https:\/\/www.ommertalhof.de\/wp-content\/uploads\/2025\/07\/DSCN2942-1536x2048.jpg 1536w, https:\/\/www.ommertalhof.de\/wp-content\/uploads\/2025\/07\/DSCN2942-1240x1653.jpg 1240w, https:\/\/www.ommertalhof.de\/wp-content\/uploads\/2025\/07\/DSCN2942-508x677.jpg 508w, https:\/\/www.ommertalhof.de\/wp-content\/uploads\/2025\/07\/DSCN2942-scaled.jpg 1920w\" sizes=\"(max-width: 768px) 100vw, 768px\" \/><\/a><\/figure>\n\n\n\n<figure class=\"wp-block-image size-large\"><a href=\"http:\/\/www.ommertalhof.de\/wp-content\/uploads\/2025\/07\/P1320086-scaled.jpg\"><img loading=\"lazy\" decoding=\"async\" width=\"768\" height=\"1024\" data-id=\"1593\" src=\"http:\/\/www.ommertalhof.de\/wp-content\/uploads\/2025\/07\/P1320086-768x1024.jpg\" alt=\"\" class=\"wp-image-1593\" srcset=\"https:\/\/www.ommertalhof.de\/wp-content\/uploads\/2025\/07\/P1320086-768x1024.jpg 768w, https:\/\/www.ommertalhof.de\/wp-content\/uploads\/2025\/07\/P1320086-225x300.jpg 225w, https:\/\/www.ommertalhof.de\/wp-content\/uploads\/2025\/07\/P1320086-1152x1536.jpg 1152w, https:\/\/www.ommertalhof.de\/wp-content\/uploads\/2025\/07\/P1320086-1536x2048.jpg 1536w, https:\/\/www.ommertalhof.de\/wp-content\/uploads\/2025\/07\/P1320086-1240x1653.jpg 1240w, https:\/\/www.ommertalhof.de\/wp-content\/uploads\/2025\/07\/P1320086-508x677.jpg 508w, https:\/\/www.ommertalhof.de\/wp-content\/uploads\/2025\/07\/P1320086-scaled.jpg 1920w\" sizes=\"(max-width: 768px) 100vw, 768px\" \/><\/a><\/figure>\n\n\n\n<figure class=\"wp-block-image size-large\"><a href=\"http:\/\/www.ommertalhof.de\/wp-content\/uploads\/2025\/07\/P1320742-scaled.jpg\"><img loading=\"lazy\" decoding=\"async\" width=\"768\" height=\"1024\" data-id=\"1592\" src=\"http:\/\/www.ommertalhof.de\/wp-content\/uploads\/2025\/07\/P1320742-768x1024.jpg\" alt=\"\" class=\"wp-image-1592\" srcset=\"https:\/\/www.ommertalhof.de\/wp-content\/uploads\/2025\/07\/P1320742-768x1024.jpg 768w, https:\/\/www.ommertalhof.de\/wp-content\/uploads\/2025\/07\/P1320742-225x300.jpg 225w, https:\/\/www.ommertalhof.de\/wp-content\/uploads\/2025\/07\/P1320742-1152x1536.jpg 1152w, https:\/\/www.ommertalhof.de\/wp-content\/uploads\/2025\/07\/P1320742-1536x2048.jpg 1536w, https:\/\/www.ommertalhof.de\/wp-content\/uploads\/2025\/07\/P1320742-1240x1653.jpg 1240w, https:\/\/www.ommertalhof.de\/wp-content\/uploads\/2025\/07\/P1320742-508x677.jpg 508w, https:\/\/www.ommertalhof.de\/wp-content\/uploads\/2025\/07\/P1320742-scaled.jpg 1920w\" sizes=\"(max-width: 768px) 100vw, 768px\" \/><\/a><\/figure>\n\n\n\n<figure class=\"wp-block-image size-large\"><a href=\"http:\/\/www.ommertalhof.de\/wp-content\/uploads\/2025\/07\/P1330204-scaled.jpg\"><img loading=\"lazy\" decoding=\"async\" width=\"768\" height=\"1024\" data-id=\"1591\" src=\"http:\/\/www.ommertalhof.de\/wp-content\/uploads\/2025\/07\/P1330204-768x1024.jpg\" alt=\"\" class=\"wp-image-1591\" srcset=\"https:\/\/www.ommertalhof.de\/wp-content\/uploads\/2025\/07\/P1330204-768x1024.jpg 768w, https:\/\/www.ommertalhof.de\/wp-content\/uploads\/2025\/07\/P1330204-225x300.jpg 225w, https:\/\/www.ommertalhof.de\/wp-content\/uploads\/2025\/07\/P1330204-1152x1536.jpg 1152w, https:\/\/www.ommertalhof.de\/wp-content\/uploads\/2025\/07\/P1330204-1536x2048.jpg 1536w, https:\/\/www.ommertalhof.de\/wp-content\/uploads\/2025\/07\/P1330204-1240x1653.jpg 1240w, https:\/\/www.ommertalhof.de\/wp-content\/uploads\/2025\/07\/P1330204-508x677.jpg 508w, https:\/\/www.ommertalhof.de\/wp-content\/uploads\/2025\/07\/P1330204-scaled.jpg 1920w\" sizes=\"(max-width: 768px) 100vw, 768px\" \/><\/a><\/figure>\n<\/figure>\n","protected":false},"excerpt":{"rendered":"<p>Bei unseren Gartenanlagen achten wir auf eine artenreiche Bepflanzung. Durch die selektive Auswahl von zumeist Wildstauden und vorwiegend ungef\u00fcllt bl\u00fchenden Geh\u00f6lzen, erreichen wir eine sehr lange Bl\u00fctezeit. So kann Ihr Garten schon von Anfang Februar bis in den November mit Farbe aufwarten.<\/p>\n","protected":false},"author":1,"featured_media":0,"parent":5,"menu_order":0,"comment_status":"open","ping_status":"open","template":"","meta":{"_exactmetrics_skip_tracking":false,"_exactmetrics_sitenote_active":false,"_exactmetrics_sitenote_note":"","_exactmetrics_sitenote_category":0,"_monsterinsights_skip_tracking":false,"_monsterinsights_sitenote_active":false,"_monsterinsights_sitenote_note":"","_monsterinsights_sitenote_category":0,"footnotes":""},"class_list":["post-17","page","type-page","status-publish","hentry"],"yoast_head":"<!-- This site is optimized with the Yoast SEO plugin v23.2 - https:\/\/yoast.com\/wordpress\/plugins\/seo\/ -->\n<title>Pflanzungen | Bergisches Land<\/title>\n<meta name=\"description\" content=\"Bei unseren Gartenanlagen achten wir auf eine artenreiche Bepflanzung. So kann die Bl\u00fctezeit Ihres Gartens von Anfang M\u00e4rz bis in den November andauern.\" \/>\n<meta name=\"robots\" content=\"index, follow, max-snippet:-1, max-image-preview:large, max-video-preview:-1\" \/>\n<link rel=\"canonical\" href=\"http:\/\/www.ommertalhof.de\/?page_id=17\" \/>\n<meta property=\"og:locale\" content=\"de_DE\" \/>\n<meta property=\"og:type\" content=\"article\" \/>\n<meta property=\"og:title\" content=\"Pflanzungen | Bergisches Land\" \/>\n<meta property=\"og:description\" content=\"Bei unseren Gartenanlagen achten wir auf eine artenreiche Bepflanzung. So kann die Bl\u00fctezeit Ihres Gartens von Anfang M\u00e4rz bis in den November andauern.\" \/>\n<meta property=\"og:url\" content=\"http:\/\/www.ommertalhof.de\/?page_id=17\" \/>\n<meta property=\"og:site_name\" content=\"Ommertalhof\" \/>\n<meta property=\"article:modified_time\" content=\"2025-07-12T14:25:14+00:00\" \/>\n<meta property=\"og:image\" content=\"http:\/\/www.ommertalhof.de\/wp-content\/uploads\/2022\/12\/P1230103-768x1024.jpg\" \/>\n<meta name=\"twitter:label1\" content=\"Gesch\u00e4tzte Lesezeit\" \/>\n\t<meta name=\"twitter:data1\" content=\"4\u00a0Minuten\" \/>\n<script type=\"application\/ld+json\" class=\"yoast-schema-graph\">{\"@context\":\"https:\/\/schema.org\",\"@graph\":[{\"@type\":\"WebPage\",\"@id\":\"http:\/\/www.ommertalhof.de\/?page_id=17\",\"url\":\"http:\/\/www.ommertalhof.de\/?page_id=17\",\"name\":\"Pflanzungen | Bergisches Land\",\"isPartOf\":{\"@id\":\"http:\/\/www.ommertalhof.de\/#website\"},\"primaryImageOfPage\":{\"@id\":\"http:\/\/www.ommertalhof.de\/?page_id=17#primaryimage\"},\"image\":{\"@id\":\"http:\/\/www.ommertalhof.de\/?page_id=17#primaryimage\"},\"thumbnailUrl\":\"http:\/\/www.ommertalhof.de\/wp-content\/uploads\/2022\/12\/P1230103-768x1024.jpg\",\"datePublished\":\"2014-04-22T19:51:00+00:00\",\"dateModified\":\"2025-07-12T14:25:14+00:00\",\"description\":\"Bei unseren Gartenanlagen achten wir auf eine artenreiche Bepflanzung. So kann die Bl\u00fctezeit Ihres Gartens von Anfang M\u00e4rz bis in den November andauern.\",\"breadcrumb\":{\"@id\":\"http:\/\/www.ommertalhof.de\/?page_id=17#breadcrumb\"},\"inLanguage\":\"de\",\"potentialAction\":[{\"@type\":\"ReadAction\",\"target\":[\"http:\/\/www.ommertalhof.de\/?page_id=17\"]}]},{\"@type\":\"ImageObject\",\"inLanguage\":\"de\",\"@id\":\"http:\/\/www.ommertalhof.de\/?page_id=17#primaryimage\",\"url\":\"https:\/\/www.ommertalhof.de\/wp-content\/uploads\/2022\/12\/P1230103.jpg\",\"contentUrl\":\"https:\/\/www.ommertalhof.de\/wp-content\/uploads\/2022\/12\/P1230103.jpg\",\"width\":2448,\"height\":3264},{\"@type\":\"BreadcrumbList\",\"@id\":\"http:\/\/www.ommertalhof.de\/?page_id=17#breadcrumb\",\"itemListElement\":[{\"@type\":\"ListItem\",\"position\":1,\"name\":\"Home\",\"item\":\"http:\/\/www.ommertalhof.de\/\"},{\"@type\":\"ListItem\",\"position\":2,\"name\":\"Fotogalerien\",\"item\":\"http:\/\/www.ommertalhof.de\/?page_id=5\"},{\"@type\":\"ListItem\",\"position\":3,\"name\":\"Pflanzungen\"}]},{\"@type\":\"WebSite\",\"@id\":\"http:\/\/www.ommertalhof.de\/#website\",\"url\":\"http:\/\/www.ommertalhof.de\/\",\"name\":\"Ommertalhof\",\"description\":\"Gartenmanufaktur und Landschaftsbau\",\"potentialAction\":[{\"@type\":\"SearchAction\",\"target\":{\"@type\":\"EntryPoint\",\"urlTemplate\":\"http:\/\/www.ommertalhof.de\/?s={search_term_string}\"},\"query-input\":\"required name=search_term_string\"}],\"inLanguage\":\"de\"}]}<\/script>\n<!-- \/ Yoast SEO plugin. -->","yoast_head_json":{"title":"Pflanzungen | Bergisches Land","description":"Bei unseren Gartenanlagen achten wir auf eine artenreiche Bepflanzung. So kann die Bl\u00fctezeit Ihres Gartens von Anfang M\u00e4rz bis in den November andauern.","robots":{"index":"index","follow":"follow","max-snippet":"max-snippet:-1","max-image-preview":"max-image-preview:large","max-video-preview":"max-video-preview:-1"},"canonical":"http:\/\/www.ommertalhof.de\/?page_id=17","og_locale":"de_DE","og_type":"article","og_title":"Pflanzungen | Bergisches Land","og_description":"Bei unseren Gartenanlagen achten wir auf eine artenreiche Bepflanzung. So kann die Bl\u00fctezeit Ihres Gartens von Anfang M\u00e4rz bis in den November andauern.","og_url":"http:\/\/www.ommertalhof.de\/?page_id=17","og_site_name":"Ommertalhof","article_modified_time":"2025-07-12T14:25:14+00:00","og_image":[{"url":"http:\/\/www.ommertalhof.de\/wp-content\/uploads\/2022\/12\/P1230103-768x1024.jpg"}],"twitter_misc":{"Gesch\u00e4tzte Lesezeit":"4\u00a0Minuten"},"schema":{"@context":"https:\/\/schema.org","@graph":[{"@type":"WebPage","@id":"http:\/\/www.ommertalhof.de\/?page_id=17","url":"http:\/\/www.ommertalhof.de\/?page_id=17","name":"Pflanzungen | Bergisches Land","isPartOf":{"@id":"http:\/\/www.ommertalhof.de\/#website"},"primaryImageOfPage":{"@id":"http:\/\/www.ommertalhof.de\/?page_id=17#primaryimage"},"image":{"@id":"http:\/\/www.ommertalhof.de\/?page_id=17#primaryimage"},"thumbnailUrl":"http:\/\/www.ommertalhof.de\/wp-content\/uploads\/2022\/12\/P1230103-768x1024.jpg","datePublished":"2014-04-22T19:51:00+00:00","dateModified":"2025-07-12T14:25:14+00:00","description":"Bei unseren Gartenanlagen achten wir auf eine artenreiche Bepflanzung. So kann die Bl\u00fctezeit Ihres Gartens von Anfang M\u00e4rz bis in den November andauern.","breadcrumb":{"@id":"http:\/\/www.ommertalhof.de\/?page_id=17#breadcrumb"},"inLanguage":"de","potentialAction":[{"@type":"ReadAction","target":["http:\/\/www.ommertalhof.de\/?page_id=17"]}]},{"@type":"ImageObject","inLanguage":"de","@id":"http:\/\/www.ommertalhof.de\/?page_id=17#primaryimage","url":"https:\/\/www.ommertalhof.de\/wp-content\/uploads\/2022\/12\/P1230103.jpg","contentUrl":"https:\/\/www.ommertalhof.de\/wp-content\/uploads\/2022\/12\/P1230103.jpg","width":2448,"height":3264},{"@type":"BreadcrumbList","@id":"http:\/\/www.ommertalhof.de\/?page_id=17#breadcrumb","itemListElement":[{"@type":"ListItem","position":1,"name":"Home","item":"http:\/\/www.ommertalhof.de\/"},{"@type":"ListItem","position":2,"name":"Fotogalerien","item":"http:\/\/www.ommertalhof.de\/?page_id=5"},{"@type":"ListItem","position":3,"name":"Pflanzungen"}]},{"@type":"WebSite","@id":"http:\/\/www.ommertalhof.de\/#website","url":"http:\/\/www.ommertalhof.de\/","name":"Ommertalhof","description":"Gartenmanufaktur und Landschaftsbau","potentialAction":[{"@type":"SearchAction","target":{"@type":"EntryPoint","urlTemplate":"http:\/\/www.ommertalhof.de\/?s={search_term_string}"},"query-input":"required name=search_term_string"}],"inLanguage":"de"}]}},"_links":{"self":[{"href":"https:\/\/www.ommertalhof.de\/index.php?rest_route=\/wp\/v2\/pages\/17"}],"collection":[{"href":"https:\/\/www.ommertalhof.de\/index.php?rest_route=\/wp\/v2\/pages"}],"about":[{"href":"https:\/\/www.ommertalhof.de\/index.php?rest_route=\/wp\/v2\/types\/page"}],"author":[{"embeddable":true,"href":"https:\/\/www.ommertalhof.de\/index.php?rest_route=\/wp\/v2\/users\/1"}],"replies":[{"embeddable":true,"href":"https:\/\/www.ommertalhof.de\/index.php?rest_route=%2Fwp%2Fv2%2Fcomments&post=17"}],"version-history":[{"count":7,"href":"https:\/\/www.ommertalhof.de\/index.php?rest_route=\/wp\/v2\/pages\/17\/revisions"}],"predecessor-version":[{"id":1595,"href":"https:\/\/www.ommertalhof.de\/index.php?rest_route=\/wp\/v2\/pages\/17\/revisions\/1595"}],"up":[{"embeddable":true,"href":"https:\/\/www.ommertalhof.de\/index.php?rest_route=\/wp\/v2\/pages\/5"}],"wp:attachment":[{"href":"https:\/\/www.ommertalhof.de\/index.php?rest_route=%2Fwp%2Fv2%2Fmedia&parent=17"}],"curies":[{"name":"wp","href":"https:\/\/api.w.org\/{rel}","templated":true}]}}