{"id":19,"date":"2014-04-22T21:51:19","date_gmt":"2014-04-22T19:51:19","guid":{"rendered":"http:\/\/www.ommertalhof.de\/?page_id=19"},"modified":"2024-08-10T17:33:19","modified_gmt":"2024-08-10T15:33:19","slug":"gartenhaeusschen","status":"publish","type":"page","link":"https:\/\/www.ommertalhof.de\/?page_id=19","title":{"rendered":"Gartenh\u00e4uschen"},"content":{"rendered":"\n<figure class=\"wp-block-gallery has-nested-images columns-default is-cropped wp-block-gallery-1 is-layout-flex wp-block-gallery-is-layout-flex\">\n<figure class=\"wp-block-image size-large\"><a href=\"http:\/\/www.ommertalhof.de\/wp-content\/uploads\/2014\/04\/DSCN3533.jpg\"><img loading=\"lazy\" decoding=\"async\" width=\"768\" height=\"1024\" data-id=\"830\" src=\"http:\/\/www.ommertalhof.de\/wp-content\/uploads\/2014\/04\/DSCN3533-768x1024.jpg\" alt=\"\" class=\"wp-image-830\" srcset=\"https:\/\/www.ommertalhof.de\/wp-content\/uploads\/2014\/04\/DSCN3533-768x1024.jpg 768w, https:\/\/www.ommertalhof.de\/wp-content\/uploads\/2014\/04\/DSCN3533-225x300.jpg 225w, https:\/\/www.ommertalhof.de\/wp-content\/uploads\/2014\/04\/DSCN3533-720x960.jpg 720w, https:\/\/www.ommertalhof.de\/wp-content\/uploads\/2014\/04\/DSCN3533.jpg 800w\" sizes=\"(max-width: 768px) 100vw, 768px\" \/><\/a><\/figure>\n\n\n\n<figure class=\"wp-block-image size-large\"><a href=\"http:\/\/www.ommertalhof.de\/wp-content\/uploads\/2014\/04\/013.jpg\"><img loading=\"lazy\" decoding=\"async\" width=\"768\" height=\"1024\" data-id=\"820\" src=\"http:\/\/www.ommertalhof.de\/wp-content\/uploads\/2014\/04\/013-768x1024.jpg\" alt=\"\" class=\"wp-image-820\" srcset=\"https:\/\/www.ommertalhof.de\/wp-content\/uploads\/2014\/04\/013-768x1024.jpg 768w, https:\/\/www.ommertalhof.de\/wp-content\/uploads\/2014\/04\/013-225x300.jpg 225w, https:\/\/www.ommertalhof.de\/wp-content\/uploads\/2014\/04\/013-720x960.jpg 720w, https:\/\/www.ommertalhof.de\/wp-content\/uploads\/2014\/04\/013.jpg 800w\" sizes=\"(max-width: 768px) 100vw, 768px\" \/><\/a><\/figure>\n\n\n\n<figure class=\"wp-block-image size-large\"><a href=\"http:\/\/www.ommertalhof.de\/wp-content\/uploads\/2014\/04\/gartenhaus2.jpg\"><img loading=\"lazy\" decoding=\"async\" width=\"1024\" height=\"768\" data-id=\"490\" src=\"http:\/\/www.ommertalhof.de\/wp-content\/uploads\/2014\/04\/gartenhaus2-1024x768.jpg\" alt=\"\" class=\"wp-image-490\" srcset=\"https:\/\/www.ommertalhof.de\/wp-content\/uploads\/2014\/04\/gartenhaus2-1024x768.jpg 1024w, https:\/\/www.ommertalhof.de\/wp-content\/uploads\/2014\/04\/gartenhaus2-300x225.jpg 300w, https:\/\/www.ommertalhof.de\/wp-content\/uploads\/2014\/04\/gartenhaus2-960x720.jpg 960w, https:\/\/www.ommertalhof.de\/wp-content\/uploads\/2014\/04\/gartenhaus2.jpg 1333w\" sizes=\"(max-width: 1024px) 100vw, 1024px\" \/><\/a><\/figure>\n\n\n\n<figure class=\"wp-block-image size-large\"><a href=\"http:\/\/www.ommertalhof.de\/wp-content\/uploads\/2014\/04\/ros6.jpg\"><img loading=\"lazy\" decoding=\"async\" width=\"768\" height=\"1024\" data-id=\"328\" src=\"http:\/\/www.ommertalhof.de\/wp-content\/uploads\/2014\/04\/ros6-768x1024.jpg\" alt=\"\" class=\"wp-image-328\" srcset=\"https:\/\/www.ommertalhof.de\/wp-content\/uploads\/2014\/04\/ros6-768x1024.jpg 768w, https:\/\/www.ommertalhof.de\/wp-content\/uploads\/2014\/04\/ros6-224x300.jpg 224w, https:\/\/www.ommertalhof.de\/wp-content\/uploads\/2014\/04\/ros6-720x960.jpg 720w, https:\/\/www.ommertalhof.de\/wp-content\/uploads\/2014\/04\/ros6-1200x1600.jpg 1200w, https:\/\/www.ommertalhof.de\/wp-content\/uploads\/2014\/04\/ros6.jpg 1704w\" sizes=\"(max-width: 768px) 100vw, 768px\" \/><\/a><\/figure>\n\n\n\n<figure class=\"wp-block-image size-large\"><a href=\"http:\/\/www.ommertalhof.de\/wp-content\/uploads\/2014\/04\/gartenhaus4.jpg\"><img loading=\"lazy\" decoding=\"async\" width=\"1024\" height=\"768\" data-id=\"492\" src=\"http:\/\/www.ommertalhof.de\/wp-content\/uploads\/2014\/04\/gartenhaus4-1024x768.jpg\" alt=\"\" class=\"wp-image-492\" srcset=\"https:\/\/www.ommertalhof.de\/wp-content\/uploads\/2014\/04\/gartenhaus4-1024x768.jpg 1024w, https:\/\/www.ommertalhof.de\/wp-content\/uploads\/2014\/04\/gartenhaus4-300x225.jpg 300w, https:\/\/www.ommertalhof.de\/wp-content\/uploads\/2014\/04\/gartenhaus4-960x720.jpg 960w, https:\/\/www.ommertalhof.de\/wp-content\/uploads\/2014\/04\/gartenhaus4.jpg 1333w\" sizes=\"(max-width: 1024px) 100vw, 1024px\" \/><\/a><\/figure>\n\n\n\n<figure class=\"wp-block-image size-large\"><a href=\"http:\/\/www.ommertalhof.de\/wp-content\/uploads\/2014\/04\/gartenhaus1.jpg\"><img loading=\"lazy\" decoding=\"async\" width=\"768\" height=\"1024\" data-id=\"489\" src=\"http:\/\/www.ommertalhof.de\/wp-content\/uploads\/2014\/04\/gartenhaus1-768x1024.jpg\" alt=\"\" class=\"wp-image-489\" srcset=\"https:\/\/www.ommertalhof.de\/wp-content\/uploads\/2014\/04\/gartenhaus1-768x1024.jpg 768w, https:\/\/www.ommertalhof.de\/wp-content\/uploads\/2014\/04\/gartenhaus1-225x300.jpg 225w, https:\/\/www.ommertalhof.de\/wp-content\/uploads\/2014\/04\/gartenhaus1-720x960.jpg 720w, https:\/\/www.ommertalhof.de\/wp-content\/uploads\/2014\/04\/gartenhaus1.jpg 1000w\" sizes=\"(max-width: 768px) 100vw, 768px\" \/><\/a><\/figure>\n\n\n\n<figure class=\"wp-block-image size-large\"><a href=\"http:\/\/www.ommertalhof.de\/wp-content\/uploads\/2014\/04\/DSC_0279.jpg\"><img loading=\"lazy\" decoding=\"async\" width=\"1024\" height=\"680\" data-id=\"380\" src=\"http:\/\/www.ommertalhof.de\/wp-content\/uploads\/2014\/04\/DSC_0279-1024x680.jpg\" alt=\"\" class=\"wp-image-380\" srcset=\"https:\/\/www.ommertalhof.de\/wp-content\/uploads\/2014\/04\/DSC_0279-1024x680.jpg 1024w, https:\/\/www.ommertalhof.de\/wp-content\/uploads\/2014\/04\/DSC_0279-300x199.jpg 300w, https:\/\/www.ommertalhof.de\/wp-content\/uploads\/2014\/04\/DSC_0279-960x638.jpg 960w, https:\/\/www.ommertalhof.de\/wp-content\/uploads\/2014\/04\/DSC_0279-1600x1063.jpg 1600w\" sizes=\"(max-width: 1024px) 100vw, 1024px\" \/><\/a><\/figure>\n\n\n\n<figure class=\"wp-block-image size-large\"><a href=\"http:\/\/www.ommertalhof.de\/wp-content\/uploads\/2014\/04\/Gartenh\u00e4uschen.png\"><img loading=\"lazy\" decoding=\"async\" width=\"1000\" height=\"1000\" data-id=\"82\" src=\"http:\/\/www.ommertalhof.de\/wp-content\/uploads\/2014\/04\/Gartenh\u00e4uschen.png\" alt=\"\" class=\"wp-image-82\" srcset=\"https:\/\/www.ommertalhof.de\/wp-content\/uploads\/2014\/04\/Gartenh\u00e4uschen.png 1000w, https:\/\/www.ommertalhof.de\/wp-content\/uploads\/2014\/04\/Gartenh\u00e4uschen-150x150.png 150w, https:\/\/www.ommertalhof.de\/wp-content\/uploads\/2014\/04\/Gartenh\u00e4uschen-300x300.png 300w, https:\/\/www.ommertalhof.de\/wp-content\/uploads\/2014\/04\/Gartenh\u00e4uschen-960x960.png 960w\" sizes=\"(max-width: 1000px) 100vw, 1000px\" \/><\/a><\/figure>\n<\/figure>\n\n\n<p>Wir planen und bauen unikate Gartenh\u00e4user aus L\u00e4rchenholz, Ziegel oder Naturstein und in Fachwerkbauweise.<\/p>\n<hr \/>","protected":false},"excerpt":{"rendered":"<p>Wir planen und bauen unikate Gartenh\u00e4user aus L\u00e4rchenholz, Ziegel oder Naturstein und in Fachwerkbauweise.<\/p>\n","protected":false},"author":1,"featured_media":0,"parent":5,"menu_order":0,"comment_status":"open","ping_status":"open","template":"","meta":{"_exactmetrics_skip_tracking":false,"_exactmetrics_sitenote_active":false,"_exactmetrics_sitenote_note":"","_exactmetrics_sitenote_category":0,"_monsterinsights_skip_tracking":false,"_monsterinsights_sitenote_active":false,"_monsterinsights_sitenote_note":"","_monsterinsights_sitenote_category":0,"footnotes":""},"class_list":["post-19","page","type-page","status-publish","hentry"],"yoast_head":"<!-- This site is optimized with the Yoast SEO plugin v23.2 - https:\/\/yoast.com\/wordpress\/plugins\/seo\/ -->\n<title>Gartenh\u00e4usschen | Bergisches Land<\/title>\n<meta name=\"description\" content=\"Wir planen und bauen unikate Gartenh\u00e4user aus L\u00e4rchenholz, Ziegel oder Naturstein und in Fachwerkbauweise.\" \/>\n<meta name=\"robots\" content=\"index, follow, max-snippet:-1, max-image-preview:large, max-video-preview:-1\" \/>\n<link rel=\"canonical\" href=\"http:\/\/www.ommertalhof.de\/?page_id=19\" \/>\n<meta property=\"og:locale\" content=\"de_DE\" \/>\n<meta property=\"og:type\" content=\"article\" \/>\n<meta property=\"og:title\" content=\"Gartenh\u00e4usschen | Bergisches Land\" \/>\n<meta property=\"og:description\" content=\"Wir planen und bauen unikate Gartenh\u00e4user aus L\u00e4rchenholz, Ziegel oder Naturstein und in Fachwerkbauweise.\" \/>\n<meta property=\"og:url\" content=\"http:\/\/www.ommertalhof.de\/?page_id=19\" \/>\n<meta property=\"og:site_name\" content=\"Ommertalhof\" \/>\n<meta property=\"article:modified_time\" content=\"2024-08-10T15:33:19+00:00\" \/>\n<meta property=\"og:image\" content=\"http:\/\/www.ommertalhof.de\/wp-content\/uploads\/2014\/04\/DSCN3533-768x1024.jpg\" \/>\n<meta name=\"twitter:label1\" content=\"Gesch\u00e4tzte Lesezeit\" \/>\n\t<meta name=\"twitter:data1\" content=\"2\u00a0Minuten\" \/>\n<script type=\"application\/ld+json\" class=\"yoast-schema-graph\">{\"@context\":\"https:\/\/schema.org\",\"@graph\":[{\"@type\":\"WebPage\",\"@id\":\"http:\/\/www.ommertalhof.de\/?page_id=19\",\"url\":\"http:\/\/www.ommertalhof.de\/?page_id=19\",\"name\":\"Gartenh\u00e4usschen | Bergisches Land\",\"isPartOf\":{\"@id\":\"http:\/\/www.ommertalhof.de\/#website\"},\"primaryImageOfPage\":{\"@id\":\"http:\/\/www.ommertalhof.de\/?page_id=19#primaryimage\"},\"image\":{\"@id\":\"http:\/\/www.ommertalhof.de\/?page_id=19#primaryimage\"},\"thumbnailUrl\":\"http:\/\/www.ommertalhof.de\/wp-content\/uploads\/2014\/04\/DSCN3533-768x1024.jpg\",\"datePublished\":\"2014-04-22T19:51:19+00:00\",\"dateModified\":\"2024-08-10T15:33:19+00:00\",\"description\":\"Wir planen und bauen unikate Gartenh\u00e4user aus L\u00e4rchenholz, Ziegel oder Naturstein und in Fachwerkbauweise.\",\"breadcrumb\":{\"@id\":\"http:\/\/www.ommertalhof.de\/?page_id=19#breadcrumb\"},\"inLanguage\":\"de\",\"potentialAction\":[{\"@type\":\"ReadAction\",\"target\":[\"http:\/\/www.ommertalhof.de\/?page_id=19\"]}]},{\"@type\":\"ImageObject\",\"inLanguage\":\"de\",\"@id\":\"http:\/\/www.ommertalhof.de\/?page_id=19#primaryimage\",\"url\":\"https:\/\/www.ommertalhof.de\/wp-content\/uploads\/2014\/04\/DSCN3533.jpg\",\"contentUrl\":\"https:\/\/www.ommertalhof.de\/wp-content\/uploads\/2014\/04\/DSCN3533.jpg\",\"width\":800,\"height\":1066},{\"@type\":\"BreadcrumbList\",\"@id\":\"http:\/\/www.ommertalhof.de\/?page_id=19#breadcrumb\",\"itemListElement\":[{\"@type\":\"ListItem\",\"position\":1,\"name\":\"Home\",\"item\":\"http:\/\/www.ommertalhof.de\/\"},{\"@type\":\"ListItem\",\"position\":2,\"name\":\"Fotogalerien\",\"item\":\"http:\/\/www.ommertalhof.de\/?page_id=5\"},{\"@type\":\"ListItem\",\"position\":3,\"name\":\"Gartenh\u00e4uschen\"}]},{\"@type\":\"WebSite\",\"@id\":\"http:\/\/www.ommertalhof.de\/#website\",\"url\":\"http:\/\/www.ommertalhof.de\/\",\"name\":\"Ommertalhof\",\"description\":\"Gartenmanufaktur und Landschaftsbau\",\"potentialAction\":[{\"@type\":\"SearchAction\",\"target\":{\"@type\":\"EntryPoint\",\"urlTemplate\":\"http:\/\/www.ommertalhof.de\/?s={search_term_string}\"},\"query-input\":\"required name=search_term_string\"}],\"inLanguage\":\"de\"}]}<\/script>\n<!-- \/ Yoast SEO plugin. -->","yoast_head_json":{"title":"Gartenh\u00e4usschen | Bergisches Land","description":"Wir planen und bauen unikate Gartenh\u00e4user aus L\u00e4rchenholz, Ziegel oder Naturstein und in Fachwerkbauweise.","robots":{"index":"index","follow":"follow","max-snippet":"max-snippet:-1","max-image-preview":"max-image-preview:large","max-video-preview":"max-video-preview:-1"},"canonical":"http:\/\/www.ommertalhof.de\/?page_id=19","og_locale":"de_DE","og_type":"article","og_title":"Gartenh\u00e4usschen | Bergisches Land","og_description":"Wir planen und bauen unikate Gartenh\u00e4user aus L\u00e4rchenholz, Ziegel oder Naturstein und in Fachwerkbauweise.","og_url":"http:\/\/www.ommertalhof.de\/?page_id=19","og_site_name":"Ommertalhof","article_modified_time":"2024-08-10T15:33:19+00:00","og_image":[{"url":"http:\/\/www.ommertalhof.de\/wp-content\/uploads\/2014\/04\/DSCN3533-768x1024.jpg"}],"twitter_misc":{"Gesch\u00e4tzte Lesezeit":"2\u00a0Minuten"},"schema":{"@context":"https:\/\/schema.org","@graph":[{"@type":"WebPage","@id":"http:\/\/www.ommertalhof.de\/?page_id=19","url":"http:\/\/www.ommertalhof.de\/?page_id=19","name":"Gartenh\u00e4usschen | Bergisches Land","isPartOf":{"@id":"http:\/\/www.ommertalhof.de\/#website"},"primaryImageOfPage":{"@id":"http:\/\/www.ommertalhof.de\/?page_id=19#primaryimage"},"image":{"@id":"http:\/\/www.ommertalhof.de\/?page_id=19#primaryimage"},"thumbnailUrl":"http:\/\/www.ommertalhof.de\/wp-content\/uploads\/2014\/04\/DSCN3533-768x1024.jpg","datePublished":"2014-04-22T19:51:19+00:00","dateModified":"2024-08-10T15:33:19+00:00","description":"Wir planen und bauen unikate Gartenh\u00e4user aus L\u00e4rchenholz, Ziegel oder Naturstein und in Fachwerkbauweise.","breadcrumb":{"@id":"http:\/\/www.ommertalhof.de\/?page_id=19#breadcrumb"},"inLanguage":"de","potentialAction":[{"@type":"ReadAction","target":["http:\/\/www.ommertalhof.de\/?page_id=19"]}]},{"@type":"ImageObject","inLanguage":"de","@id":"http:\/\/www.ommertalhof.de\/?page_id=19#primaryimage","url":"https:\/\/www.ommertalhof.de\/wp-content\/uploads\/2014\/04\/DSCN3533.jpg","contentUrl":"https:\/\/www.ommertalhof.de\/wp-content\/uploads\/2014\/04\/DSCN3533.jpg","width":800,"height":1066},{"@type":"BreadcrumbList","@id":"http:\/\/www.ommertalhof.de\/?page_id=19#breadcrumb","itemListElement":[{"@type":"ListItem","position":1,"name":"Home","item":"http:\/\/www.ommertalhof.de\/"},{"@type":"ListItem","position":2,"name":"Fotogalerien","item":"http:\/\/www.ommertalhof.de\/?page_id=5"},{"@type":"ListItem","position":3,"name":"Gartenh\u00e4uschen"}]},{"@type":"WebSite","@id":"http:\/\/www.ommertalhof.de\/#website","url":"http:\/\/www.ommertalhof.de\/","name":"Ommertalhof","description":"Gartenmanufaktur und Landschaftsbau","potentialAction":[{"@type":"SearchAction","target":{"@type":"EntryPoint","urlTemplate":"http:\/\/www.ommertalhof.de\/?s={search_term_string}"},"query-input":"required name=search_term_string"}],"inLanguage":"de"}]}},"_links":{"self":[{"href":"https:\/\/www.ommertalhof.de\/index.php?rest_route=\/wp\/v2\/pages\/19"}],"collection":[{"href":"https:\/\/www.ommertalhof.de\/index.php?rest_route=\/wp\/v2\/pages"}],"about":[{"href":"https:\/\/www.ommertalhof.de\/index.php?rest_route=\/wp\/v2\/types\/page"}],"author":[{"embeddable":true,"href":"https:\/\/www.ommertalhof.de\/index.php?rest_route=\/wp\/v2\/users\/1"}],"replies":[{"embeddable":true,"href":"https:\/\/www.ommertalhof.de\/index.php?rest_route=%2Fwp%2Fv2%2Fcomments&post=19"}],"version-history":[{"count":8,"href":"https:\/\/www.ommertalhof.de\/index.php?rest_route=\/wp\/v2\/pages\/19\/revisions"}],"predecessor-version":[{"id":1441,"href":"https:\/\/www.ommertalhof.de\/index.php?rest_route=\/wp\/v2\/pages\/19\/revisions\/1441"}],"up":[{"embeddable":true,"href":"https:\/\/www.ommertalhof.de\/index.php?rest_route=\/wp\/v2\/pages\/5"}],"wp:attachment":[{"href":"https:\/\/www.ommertalhof.de\/index.php?rest_route=%2Fwp%2Fv2%2Fmedia&parent=19"}],"curies":[{"name":"wp","href":"https:\/\/api.w.org\/{rel}","templated":true}]}}