{"id":370,"date":"2014-04-27T00:39:25","date_gmt":"2014-04-26T22:39:25","guid":{"rendered":"http:\/\/www.ommertalhof.de\/?page_id=370"},"modified":"2024-08-10T17:22:37","modified_gmt":"2024-08-10T15:22:37","slug":"vorher-nachher","status":"publish","type":"page","link":"https:\/\/www.ommertalhof.de\/?page_id=370","title":{"rendered":"Vorher &#8211; Nachher"},"content":{"rendered":"\n<figure class=\"wp-block-gallery has-nested-images columns-default is-cropped wp-block-gallery-1 is-layout-flex wp-block-gallery-is-layout-flex\">\n<figure class=\"wp-block-image size-large\"><a href=\"http:\/\/www.ommertalhof.de\/wp-content\/uploads\/2014\/04\/DSC07336.jpg\"><img loading=\"lazy\" decoding=\"async\" width=\"1024\" height=\"768\" data-id=\"384\" src=\"http:\/\/www.ommertalhof.de\/wp-content\/uploads\/2014\/04\/DSC07336-1024x768.jpg\" alt=\"\" class=\"wp-image-384\" srcset=\"https:\/\/www.ommertalhof.de\/wp-content\/uploads\/2014\/04\/DSC07336-1024x768.jpg 1024w, https:\/\/www.ommertalhof.de\/wp-content\/uploads\/2014\/04\/DSC07336-300x224.jpg 300w, https:\/\/www.ommertalhof.de\/wp-content\/uploads\/2014\/04\/DSC07336-960x720.jpg 960w, https:\/\/www.ommertalhof.de\/wp-content\/uploads\/2014\/04\/DSC07336-1600x1200.jpg 1600w\" sizes=\"(max-width: 1024px) 100vw, 1024px\" \/><\/a><\/figure>\n\n\n\n<figure class=\"wp-block-image size-large\"><a href=\"http:\/\/www.ommertalhof.de\/wp-content\/uploads\/2014\/04\/DSC080811.jpg\"><img loading=\"lazy\" decoding=\"async\" width=\"1024\" height=\"768\" data-id=\"386\" src=\"http:\/\/www.ommertalhof.de\/wp-content\/uploads\/2014\/04\/DSC080811-1024x768.jpg\" alt=\"\" class=\"wp-image-386\" srcset=\"https:\/\/www.ommertalhof.de\/wp-content\/uploads\/2014\/04\/DSC080811-1024x768.jpg 1024w, https:\/\/www.ommertalhof.de\/wp-content\/uploads\/2014\/04\/DSC080811-300x224.jpg 300w, https:\/\/www.ommertalhof.de\/wp-content\/uploads\/2014\/04\/DSC080811-960x720.jpg 960w, https:\/\/www.ommertalhof.de\/wp-content\/uploads\/2014\/04\/DSC080811-1600x1200.jpg 1600w\" sizes=\"(max-width: 1024px) 100vw, 1024px\" \/><\/a><\/figure>\n\n\n\n<figure class=\"wp-block-image size-large\"><a href=\"http:\/\/www.ommertalhof.de\/wp-content\/uploads\/2014\/04\/DSC06635.jpg\"><img loading=\"lazy\" decoding=\"async\" width=\"1024\" height=\"768\" data-id=\"381\" src=\"http:\/\/www.ommertalhof.de\/wp-content\/uploads\/2014\/04\/DSC06635-1024x768.jpg\" alt=\"\" class=\"wp-image-381\" srcset=\"https:\/\/www.ommertalhof.de\/wp-content\/uploads\/2014\/04\/DSC06635-1024x768.jpg 1024w, https:\/\/www.ommertalhof.de\/wp-content\/uploads\/2014\/04\/DSC06635-300x224.jpg 300w, https:\/\/www.ommertalhof.de\/wp-content\/uploads\/2014\/04\/DSC06635-960x720.jpg 960w, https:\/\/www.ommertalhof.de\/wp-content\/uploads\/2014\/04\/DSC06635-1600x1200.jpg 1600w\" sizes=\"(max-width: 1024px) 100vw, 1024px\" \/><\/a><\/figure>\n\n\n\n<figure class=\"wp-block-image size-large\"><a href=\"http:\/\/www.ommertalhof.de\/wp-content\/uploads\/2014\/04\/DSC06649.jpg\"><img loading=\"lazy\" decoding=\"async\" width=\"1024\" height=\"768\" data-id=\"382\" src=\"http:\/\/www.ommertalhof.de\/wp-content\/uploads\/2014\/04\/DSC06649-1024x768.jpg\" alt=\"\" class=\"wp-image-382\" srcset=\"https:\/\/www.ommertalhof.de\/wp-content\/uploads\/2014\/04\/DSC06649-1024x768.jpg 1024w, https:\/\/www.ommertalhof.de\/wp-content\/uploads\/2014\/04\/DSC06649-300x224.jpg 300w, https:\/\/www.ommertalhof.de\/wp-content\/uploads\/2014\/04\/DSC06649-960x720.jpg 960w, https:\/\/www.ommertalhof.de\/wp-content\/uploads\/2014\/04\/DSC06649-1600x1200.jpg 1600w\" sizes=\"(max-width: 1024px) 100vw, 1024px\" \/><\/a><\/figure>\n\n\n\n<figure class=\"wp-block-image size-large\"><a href=\"http:\/\/www.ommertalhof.de\/wp-content\/uploads\/2014\/04\/CIMG0029.jpg\"><img loading=\"lazy\" decoding=\"async\" width=\"1024\" height=\"768\" data-id=\"379\" src=\"http:\/\/www.ommertalhof.de\/wp-content\/uploads\/2014\/04\/CIMG0029-1024x768.jpg\" alt=\"\" class=\"wp-image-379\" srcset=\"https:\/\/www.ommertalhof.de\/wp-content\/uploads\/2014\/04\/CIMG0029-1024x768.jpg 1024w, https:\/\/www.ommertalhof.de\/wp-content\/uploads\/2014\/04\/CIMG0029-300x225.jpg 300w, https:\/\/www.ommertalhof.de\/wp-content\/uploads\/2014\/04\/CIMG0029-960x720.jpg 960w, https:\/\/www.ommertalhof.de\/wp-content\/uploads\/2014\/04\/CIMG0029-1600x1200.jpg 1600w\" sizes=\"(max-width: 1024px) 100vw, 1024px\" \/><\/a><\/figure>\n\n\n\n<figure class=\"wp-block-image size-large\"><a href=\"http:\/\/www.ommertalhof.de\/wp-content\/uploads\/2014\/04\/DSC_0279.jpg\"><img loading=\"lazy\" decoding=\"async\" width=\"1024\" height=\"680\" data-id=\"380\" src=\"http:\/\/www.ommertalhof.de\/wp-content\/uploads\/2014\/04\/DSC_0279-1024x680.jpg\" alt=\"\" class=\"wp-image-380\" srcset=\"https:\/\/www.ommertalhof.de\/wp-content\/uploads\/2014\/04\/DSC_0279-1024x680.jpg 1024w, https:\/\/www.ommertalhof.de\/wp-content\/uploads\/2014\/04\/DSC_0279-300x199.jpg 300w, https:\/\/www.ommertalhof.de\/wp-content\/uploads\/2014\/04\/DSC_0279-960x638.jpg 960w, https:\/\/www.ommertalhof.de\/wp-content\/uploads\/2014\/04\/DSC_0279-1600x1063.jpg 1600w\" sizes=\"(max-width: 1024px) 100vw, 1024px\" \/><\/a><\/figure>\n\n\n\n<figure class=\"wp-block-image size-large\"><a href=\"http:\/\/www.ommertalhof.de\/wp-content\/uploads\/2014\/04\/2.jpg\"><img loading=\"lazy\" decoding=\"async\" width=\"1024\" height=\"768\" data-id=\"375\" src=\"http:\/\/www.ommertalhof.de\/wp-content\/uploads\/2014\/04\/2-1024x768.jpg\" alt=\"\" class=\"wp-image-375\" srcset=\"https:\/\/www.ommertalhof.de\/wp-content\/uploads\/2014\/04\/2-1024x768.jpg 1024w, https:\/\/www.ommertalhof.de\/wp-content\/uploads\/2014\/04\/2-300x224.jpg 300w, https:\/\/www.ommertalhof.de\/wp-content\/uploads\/2014\/04\/2-960x720.jpg 960w, https:\/\/www.ommertalhof.de\/wp-content\/uploads\/2014\/04\/2-1600x1200.jpg 1600w\" sizes=\"(max-width: 1024px) 100vw, 1024px\" \/><\/a><\/figure>\n\n\n\n<figure class=\"wp-block-image size-large\"><a href=\"http:\/\/www.ommertalhof.de\/wp-content\/uploads\/2014\/04\/3.jpg\"><img loading=\"lazy\" decoding=\"async\" width=\"768\" height=\"1024\" data-id=\"376\" src=\"http:\/\/www.ommertalhof.de\/wp-content\/uploads\/2014\/04\/3-768x1024.jpg\" alt=\"\" class=\"wp-image-376\" srcset=\"https:\/\/www.ommertalhof.de\/wp-content\/uploads\/2014\/04\/3-768x1024.jpg 768w, https:\/\/www.ommertalhof.de\/wp-content\/uploads\/2014\/04\/3-224x300.jpg 224w, https:\/\/www.ommertalhof.de\/wp-content\/uploads\/2014\/04\/3-720x960.jpg 720w, https:\/\/www.ommertalhof.de\/wp-content\/uploads\/2014\/04\/3-1200x1600.jpg 1200w, https:\/\/www.ommertalhof.de\/wp-content\/uploads\/2014\/04\/3.jpg 1704w\" sizes=\"(max-width: 768px) 100vw, 768px\" \/><\/a><\/figure>\n\n\n\n<figure class=\"wp-block-image size-large\"><a href=\"http:\/\/www.ommertalhof.de\/wp-content\/uploads\/2014\/04\/DSC06893.jpg\"><img loading=\"lazy\" decoding=\"async\" width=\"1024\" height=\"768\" data-id=\"383\" src=\"http:\/\/www.ommertalhof.de\/wp-content\/uploads\/2014\/04\/DSC06893-1024x768.jpg\" alt=\"\" class=\"wp-image-383\" srcset=\"https:\/\/www.ommertalhof.de\/wp-content\/uploads\/2014\/04\/DSC06893-1024x768.jpg 1024w, https:\/\/www.ommertalhof.de\/wp-content\/uploads\/2014\/04\/DSC06893-300x224.jpg 300w, https:\/\/www.ommertalhof.de\/wp-content\/uploads\/2014\/04\/DSC06893-960x720.jpg 960w, https:\/\/www.ommertalhof.de\/wp-content\/uploads\/2014\/04\/DSC06893-1600x1200.jpg 1600w\" sizes=\"(max-width: 1024px) 100vw, 1024px\" \/><\/a><\/figure>\n\n\n\n<figure class=\"wp-block-image size-large\"><a href=\"http:\/\/www.ommertalhof.de\/wp-content\/uploads\/2014\/04\/DSC07627.jpg\"><img loading=\"lazy\" decoding=\"async\" width=\"1024\" height=\"768\" data-id=\"385\" src=\"http:\/\/www.ommertalhof.de\/wp-content\/uploads\/2014\/04\/DSC07627-1024x768.jpg\" alt=\"\" class=\"wp-image-385\" srcset=\"https:\/\/www.ommertalhof.de\/wp-content\/uploads\/2014\/04\/DSC07627-1024x768.jpg 1024w, https:\/\/www.ommertalhof.de\/wp-content\/uploads\/2014\/04\/DSC07627-300x224.jpg 300w, https:\/\/www.ommertalhof.de\/wp-content\/uploads\/2014\/04\/DSC07627-960x720.jpg 960w, https:\/\/www.ommertalhof.de\/wp-content\/uploads\/2014\/04\/DSC07627-1600x1200.jpg 1600w\" sizes=\"(max-width: 1024px) 100vw, 1024px\" \/><\/a><\/figure>\n\n\n\n<figure class=\"wp-block-image size-large\"><a href=\"http:\/\/www.ommertalhof.de\/wp-content\/uploads\/2014\/04\/5.jpg\"><img loading=\"lazy\" decoding=\"async\" width=\"1024\" height=\"768\" data-id=\"378\" src=\"http:\/\/www.ommertalhof.de\/wp-content\/uploads\/2014\/04\/5-1024x768.jpg\" alt=\"\" class=\"wp-image-378\" srcset=\"https:\/\/www.ommertalhof.de\/wp-content\/uploads\/2014\/04\/5-1024x768.jpg 1024w, https:\/\/www.ommertalhof.de\/wp-content\/uploads\/2014\/04\/5-300x224.jpg 300w, https:\/\/www.ommertalhof.de\/wp-content\/uploads\/2014\/04\/5-960x720.jpg 960w, https:\/\/www.ommertalhof.de\/wp-content\/uploads\/2014\/04\/5-1600x1200.jpg 1600w\" sizes=\"(max-width: 1024px) 100vw, 1024px\" \/><\/a><\/figure>\n\n\n\n<figure class=\"wp-block-image size-large\"><a href=\"http:\/\/www.ommertalhof.de\/wp-content\/uploads\/2014\/04\/4.jpg\"><img loading=\"lazy\" decoding=\"async\" width=\"1024\" height=\"768\" data-id=\"377\" src=\"http:\/\/www.ommertalhof.de\/wp-content\/uploads\/2014\/04\/4-1024x768.jpg\" alt=\"\" class=\"wp-image-377\" srcset=\"https:\/\/www.ommertalhof.de\/wp-content\/uploads\/2014\/04\/4-1024x768.jpg 1024w, https:\/\/www.ommertalhof.de\/wp-content\/uploads\/2014\/04\/4-300x224.jpg 300w, https:\/\/www.ommertalhof.de\/wp-content\/uploads\/2014\/04\/4-960x720.jpg 960w, https:\/\/www.ommertalhof.de\/wp-content\/uploads\/2014\/04\/4-1600x1200.jpg 1600w\" sizes=\"(max-width: 1024px) 100vw, 1024px\" \/><\/a><\/figure>\n<\/figure>\n","protected":false},"excerpt":{"rendered":"","protected":false},"author":1,"featured_media":0,"parent":5,"menu_order":0,"comment_status":"open","ping_status":"open","template":"","meta":{"_exactmetrics_skip_tracking":false,"_exactmetrics_sitenote_active":false,"_exactmetrics_sitenote_note":"","_exactmetrics_sitenote_category":0,"_monsterinsights_skip_tracking":false,"_monsterinsights_sitenote_active":false,"_monsterinsights_sitenote_note":"","_monsterinsights_sitenote_category":0,"footnotes":""},"class_list":["post-370","page","type-page","status-publish","hentry"],"yoast_head":"<!-- This site is optimized with the Yoast SEO plugin v23.2 - https:\/\/yoast.com\/wordpress\/plugins\/seo\/ -->\n<title>Vorher - Nachher | Bergisches Land<\/title>\n<meta name=\"description\" content=\"Gartenideen Vorher - Nachher - Jede Gr\u00fcnfl\u00e4che und jedes St\u00fcck Natur bietet das Potential ein Gartenparadies zu werden - wir machen es m\u00f6glich!\" \/>\n<meta name=\"robots\" content=\"index, follow, max-snippet:-1, max-image-preview:large, max-video-preview:-1\" \/>\n<link rel=\"canonical\" href=\"http:\/\/www.ommertalhof.de\/?page_id=370\" \/>\n<meta property=\"og:locale\" content=\"de_DE\" \/>\n<meta property=\"og:type\" content=\"article\" \/>\n<meta property=\"og:title\" content=\"Vorher - Nachher | Bergisches Land\" \/>\n<meta property=\"og:description\" content=\"Gartenideen Vorher - Nachher - Jede Gr\u00fcnfl\u00e4che und jedes St\u00fcck Natur bietet das Potential ein Gartenparadies zu werden - wir machen es m\u00f6glich!\" \/>\n<meta property=\"og:url\" content=\"http:\/\/www.ommertalhof.de\/?page_id=370\" \/>\n<meta property=\"og:site_name\" content=\"Ommertalhof\" \/>\n<meta property=\"article:modified_time\" content=\"2024-08-10T15:22:37+00:00\" \/>\n<meta property=\"og:image\" content=\"http:\/\/www.ommertalhof.de\/wp-content\/uploads\/2014\/04\/DSC07336-1024x768.jpg\" \/>\n<meta name=\"twitter:label1\" content=\"Gesch\u00e4tzte Lesezeit\" \/>\n\t<meta name=\"twitter:data1\" content=\"3\u00a0Minuten\" \/>\n<script type=\"application\/ld+json\" class=\"yoast-schema-graph\">{\"@context\":\"https:\/\/schema.org\",\"@graph\":[{\"@type\":\"WebPage\",\"@id\":\"http:\/\/www.ommertalhof.de\/?page_id=370\",\"url\":\"http:\/\/www.ommertalhof.de\/?page_id=370\",\"name\":\"Vorher - Nachher | Bergisches Land\",\"isPartOf\":{\"@id\":\"http:\/\/www.ommertalhof.de\/#website\"},\"primaryImageOfPage\":{\"@id\":\"http:\/\/www.ommertalhof.de\/?page_id=370#primaryimage\"},\"image\":{\"@id\":\"http:\/\/www.ommertalhof.de\/?page_id=370#primaryimage\"},\"thumbnailUrl\":\"http:\/\/www.ommertalhof.de\/wp-content\/uploads\/2014\/04\/DSC07336-1024x768.jpg\",\"datePublished\":\"2014-04-26T22:39:25+00:00\",\"dateModified\":\"2024-08-10T15:22:37+00:00\",\"description\":\"Gartenideen Vorher - Nachher - Jede Gr\u00fcnfl\u00e4che und jedes St\u00fcck Natur bietet das Potential ein Gartenparadies zu werden - wir machen es m\u00f6glich!\",\"breadcrumb\":{\"@id\":\"http:\/\/www.ommertalhof.de\/?page_id=370#breadcrumb\"},\"inLanguage\":\"de\",\"potentialAction\":[{\"@type\":\"ReadAction\",\"target\":[\"http:\/\/www.ommertalhof.de\/?page_id=370\"]}]},{\"@type\":\"ImageObject\",\"inLanguage\":\"de\",\"@id\":\"http:\/\/www.ommertalhof.de\/?page_id=370#primaryimage\",\"url\":\"https:\/\/www.ommertalhof.de\/wp-content\/uploads\/2014\/04\/DSC07336.jpg\",\"contentUrl\":\"https:\/\/www.ommertalhof.de\/wp-content\/uploads\/2014\/04\/DSC07336.jpg\",\"width\":2272,\"height\":1704},{\"@type\":\"BreadcrumbList\",\"@id\":\"http:\/\/www.ommertalhof.de\/?page_id=370#breadcrumb\",\"itemListElement\":[{\"@type\":\"ListItem\",\"position\":1,\"name\":\"Home\",\"item\":\"http:\/\/www.ommertalhof.de\/\"},{\"@type\":\"ListItem\",\"position\":2,\"name\":\"Fotogalerien\",\"item\":\"http:\/\/www.ommertalhof.de\/?page_id=5\"},{\"@type\":\"ListItem\",\"position\":3,\"name\":\"Vorher &#8211; Nachher\"}]},{\"@type\":\"WebSite\",\"@id\":\"http:\/\/www.ommertalhof.de\/#website\",\"url\":\"http:\/\/www.ommertalhof.de\/\",\"name\":\"Ommertalhof\",\"description\":\"Gartenmanufaktur und Landschaftsbau\",\"potentialAction\":[{\"@type\":\"SearchAction\",\"target\":{\"@type\":\"EntryPoint\",\"urlTemplate\":\"http:\/\/www.ommertalhof.de\/?s={search_term_string}\"},\"query-input\":\"required name=search_term_string\"}],\"inLanguage\":\"de\"}]}<\/script>\n<!-- \/ Yoast SEO plugin. -->","yoast_head_json":{"title":"Vorher - Nachher | Bergisches Land","description":"Gartenideen Vorher - Nachher - Jede Gr\u00fcnfl\u00e4che und jedes St\u00fcck Natur bietet das Potential ein Gartenparadies zu werden - wir machen es m\u00f6glich!","robots":{"index":"index","follow":"follow","max-snippet":"max-snippet:-1","max-image-preview":"max-image-preview:large","max-video-preview":"max-video-preview:-1"},"canonical":"http:\/\/www.ommertalhof.de\/?page_id=370","og_locale":"de_DE","og_type":"article","og_title":"Vorher - Nachher | Bergisches Land","og_description":"Gartenideen Vorher - Nachher - Jede Gr\u00fcnfl\u00e4che und jedes St\u00fcck Natur bietet das Potential ein Gartenparadies zu werden - wir machen es m\u00f6glich!","og_url":"http:\/\/www.ommertalhof.de\/?page_id=370","og_site_name":"Ommertalhof","article_modified_time":"2024-08-10T15:22:37+00:00","og_image":[{"url":"http:\/\/www.ommertalhof.de\/wp-content\/uploads\/2014\/04\/DSC07336-1024x768.jpg"}],"twitter_misc":{"Gesch\u00e4tzte Lesezeit":"3\u00a0Minuten"},"schema":{"@context":"https:\/\/schema.org","@graph":[{"@type":"WebPage","@id":"http:\/\/www.ommertalhof.de\/?page_id=370","url":"http:\/\/www.ommertalhof.de\/?page_id=370","name":"Vorher - Nachher | Bergisches Land","isPartOf":{"@id":"http:\/\/www.ommertalhof.de\/#website"},"primaryImageOfPage":{"@id":"http:\/\/www.ommertalhof.de\/?page_id=370#primaryimage"},"image":{"@id":"http:\/\/www.ommertalhof.de\/?page_id=370#primaryimage"},"thumbnailUrl":"http:\/\/www.ommertalhof.de\/wp-content\/uploads\/2014\/04\/DSC07336-1024x768.jpg","datePublished":"2014-04-26T22:39:25+00:00","dateModified":"2024-08-10T15:22:37+00:00","description":"Gartenideen Vorher - Nachher - Jede Gr\u00fcnfl\u00e4che und jedes St\u00fcck Natur bietet das Potential ein Gartenparadies zu werden - wir machen es m\u00f6glich!","breadcrumb":{"@id":"http:\/\/www.ommertalhof.de\/?page_id=370#breadcrumb"},"inLanguage":"de","potentialAction":[{"@type":"ReadAction","target":["http:\/\/www.ommertalhof.de\/?page_id=370"]}]},{"@type":"ImageObject","inLanguage":"de","@id":"http:\/\/www.ommertalhof.de\/?page_id=370#primaryimage","url":"https:\/\/www.ommertalhof.de\/wp-content\/uploads\/2014\/04\/DSC07336.jpg","contentUrl":"https:\/\/www.ommertalhof.de\/wp-content\/uploads\/2014\/04\/DSC07336.jpg","width":2272,"height":1704},{"@type":"BreadcrumbList","@id":"http:\/\/www.ommertalhof.de\/?page_id=370#breadcrumb","itemListElement":[{"@type":"ListItem","position":1,"name":"Home","item":"http:\/\/www.ommertalhof.de\/"},{"@type":"ListItem","position":2,"name":"Fotogalerien","item":"http:\/\/www.ommertalhof.de\/?page_id=5"},{"@type":"ListItem","position":3,"name":"Vorher &#8211; Nachher"}]},{"@type":"WebSite","@id":"http:\/\/www.ommertalhof.de\/#website","url":"http:\/\/www.ommertalhof.de\/","name":"Ommertalhof","description":"Gartenmanufaktur und Landschaftsbau","potentialAction":[{"@type":"SearchAction","target":{"@type":"EntryPoint","urlTemplate":"http:\/\/www.ommertalhof.de\/?s={search_term_string}"},"query-input":"required name=search_term_string"}],"inLanguage":"de"}]}},"_links":{"self":[{"href":"https:\/\/www.ommertalhof.de\/index.php?rest_route=\/wp\/v2\/pages\/370"}],"collection":[{"href":"https:\/\/www.ommertalhof.de\/index.php?rest_route=\/wp\/v2\/pages"}],"about":[{"href":"https:\/\/www.ommertalhof.de\/index.php?rest_route=\/wp\/v2\/types\/page"}],"author":[{"embeddable":true,"href":"https:\/\/www.ommertalhof.de\/index.php?rest_route=\/wp\/v2\/users\/1"}],"replies":[{"embeddable":true,"href":"https:\/\/www.ommertalhof.de\/index.php?rest_route=%2Fwp%2Fv2%2Fcomments&post=370"}],"version-history":[{"count":4,"href":"https:\/\/www.ommertalhof.de\/index.php?rest_route=\/wp\/v2\/pages\/370\/revisions"}],"predecessor-version":[{"id":1435,"href":"https:\/\/www.ommertalhof.de\/index.php?rest_route=\/wp\/v2\/pages\/370\/revisions\/1435"}],"up":[{"embeddable":true,"href":"https:\/\/www.ommertalhof.de\/index.php?rest_route=\/wp\/v2\/pages\/5"}],"wp:attachment":[{"href":"https:\/\/www.ommertalhof.de\/index.php?rest_route=%2Fwp%2Fv2%2Fmedia&parent=370"}],"curies":[{"name":"wp","href":"https:\/\/api.w.org\/{rel}","templated":true}]}}