{"id":9,"date":"2014-04-22T21:48:49","date_gmt":"2014-04-22T19:48:49","guid":{"rendered":"http:\/\/www.ommertalhof.de\/?page_id=9"},"modified":"2018-05-31T16:31:37","modified_gmt":"2018-05-31T14:31:37","slug":"wir-planen-sie-bauen","status":"publish","type":"page","link":"https:\/\/www.ommertalhof.de\/?page_id=9","title":{"rendered":"Selber Bauen"},"content":{"rendered":"<p><img loading=\"lazy\" decoding=\"async\" class=\"aligncenter size-full wp-image-124\" src=\"http:\/\/www.ommertalhof.de\/wp-content\/uploads\/2014\/04\/Skizze.jpg\" alt=\"Skizze\" width=\"2031\" height=\"619\" srcset=\"https:\/\/www.ommertalhof.de\/wp-content\/uploads\/2014\/04\/Skizze.jpg 2031w, https:\/\/www.ommertalhof.de\/wp-content\/uploads\/2014\/04\/Skizze-300x91.jpg 300w, https:\/\/www.ommertalhof.de\/wp-content\/uploads\/2014\/04\/Skizze-1024x312.jpg 1024w, https:\/\/www.ommertalhof.de\/wp-content\/uploads\/2014\/04\/Skizze-960x292.jpg 960w, https:\/\/www.ommertalhof.de\/wp-content\/uploads\/2014\/04\/Skizze-1600x487.jpg 1600w\" sizes=\"(max-width: 2031px) 100vw, 2031px\" \/><\/p>\n<h2>Wir Planen, Sie Bauen!<\/h2>\n<p>F\u00fcr all jene, die gerne selber Hand anlegen oder zu weit entfernt wohnen bieten wir diesen Service.<\/p>\n<hr \/>\n<h2>Wie soll das gehen?<\/h2>\n<ol>\n<li>Zun\u00e4chst besuchen wir Sie, tauschen Ideen rund um Ihren Garten aus, machen ein Aufma\u00df und planen Ihren zuk\u00fcnftigen Garten.<\/li>\n<li>Von uns bekommen Sie Bau-, Pflanzpl\u00e4ne und Detailzeichnungen. Au\u00dferdem bekommen Sie Fotomaterial verschiedener Bauwerke und Pflanzungen.<\/li>\n<li>W\u00e4hrend der Bauphase besuchen wir Sie noch einmal, um Detailfragen zu kl\u00e4ren.<\/li>\n<li>Wir stehen f\u00fcr alle Fragen rund um Ihren Garten telefonisch zur Verf\u00fcgung<\/li>\n<\/ol>\n<p>&nbsp;<\/p>\n<hr \/>\n","protected":false},"excerpt":{"rendered":"<p>Wir Planen, Sie Bauen! F\u00fcr all jene, die gerne selber Hand anlegen oder zu weit entfernt wohnen bieten wir diesen Service. Wie soll das gehen? Zun\u00e4chst besuchen wir Sie, tauschen Ideen rund um Ihren Garten aus, machen ein Aufma\u00df und planen Ihren zuk\u00fcnftigen Garten. Von uns bekommen Sie Bau-, Pflanzpl\u00e4ne und Detailzeichnungen. Au\u00dferdem bekommen Sie [&hellip;]<\/p>\n","protected":false},"author":1,"featured_media":0,"parent":0,"menu_order":0,"comment_status":"open","ping_status":"open","template":"page-full.php","meta":{"_exactmetrics_skip_tracking":false,"_exactmetrics_sitenote_active":false,"_exactmetrics_sitenote_note":"","_exactmetrics_sitenote_category":0,"_monsterinsights_skip_tracking":false,"_monsterinsights_sitenote_active":false,"_monsterinsights_sitenote_note":"","_monsterinsights_sitenote_category":0,"footnotes":""},"class_list":["post-9","page","type-page","status-publish","hentry"],"yoast_head":"<!-- This site is optimized with the Yoast SEO plugin v23.2 - https:\/\/yoast.com\/wordpress\/plugins\/seo\/ -->\n<title>Wir Planen, Sie Bauen!<\/title>\n<meta name=\"description\" content=\"Selber Bauen - F\u00fcr all jene, die ihren Garten selber anlegen m\u00f6chten erstellen wir einen Bebauungsplan und bieten Hilfestellung.\" \/>\n<meta name=\"robots\" content=\"index, follow, max-snippet:-1, max-image-preview:large, max-video-preview:-1\" \/>\n<link rel=\"canonical\" href=\"https:\/\/www.ommertalhof.de\/?page_id=9\" \/>\n<meta property=\"og:locale\" content=\"de_DE\" \/>\n<meta property=\"og:type\" content=\"article\" \/>\n<meta property=\"og:title\" content=\"Wir Planen, Sie Bauen!\" \/>\n<meta property=\"og:description\" content=\"Selber Bauen - F\u00fcr all jene, die ihren Garten selber anlegen m\u00f6chten erstellen wir einen Bebauungsplan und bieten Hilfestellung.\" \/>\n<meta property=\"og:url\" content=\"https:\/\/www.ommertalhof.de\/?page_id=9\" \/>\n<meta property=\"og:site_name\" content=\"Ommertalhof\" \/>\n<meta property=\"article:modified_time\" content=\"2018-05-31T14:31:37+00:00\" \/>\n<meta property=\"og:image\" content=\"http:\/\/www.ommertalhof.de\/wp-content\/uploads\/2014\/04\/Skizze.jpg\" \/>\n<script type=\"application\/ld+json\" class=\"yoast-schema-graph\">{\"@context\":\"https:\/\/schema.org\",\"@graph\":[{\"@type\":\"WebPage\",\"@id\":\"https:\/\/www.ommertalhof.de\/?page_id=9\",\"url\":\"https:\/\/www.ommertalhof.de\/?page_id=9\",\"name\":\"Wir Planen, Sie Bauen!\",\"isPartOf\":{\"@id\":\"http:\/\/www.ommertalhof.de\/#website\"},\"primaryImageOfPage\":{\"@id\":\"https:\/\/www.ommertalhof.de\/?page_id=9#primaryimage\"},\"image\":{\"@id\":\"https:\/\/www.ommertalhof.de\/?page_id=9#primaryimage\"},\"thumbnailUrl\":\"http:\/\/www.ommertalhof.de\/wp-content\/uploads\/2014\/04\/Skizze.jpg\",\"datePublished\":\"2014-04-22T19:48:49+00:00\",\"dateModified\":\"2018-05-31T14:31:37+00:00\",\"description\":\"Selber Bauen - F\u00fcr all jene, die ihren Garten selber anlegen m\u00f6chten erstellen wir einen Bebauungsplan und bieten Hilfestellung.\",\"breadcrumb\":{\"@id\":\"https:\/\/www.ommertalhof.de\/?page_id=9#breadcrumb\"},\"inLanguage\":\"de\",\"potentialAction\":[{\"@type\":\"ReadAction\",\"target\":[\"https:\/\/www.ommertalhof.de\/?page_id=9\"]}]},{\"@type\":\"ImageObject\",\"inLanguage\":\"de\",\"@id\":\"https:\/\/www.ommertalhof.de\/?page_id=9#primaryimage\",\"url\":\"https:\/\/www.ommertalhof.de\/wp-content\/uploads\/2014\/04\/Skizze.jpg\",\"contentUrl\":\"https:\/\/www.ommertalhof.de\/wp-content\/uploads\/2014\/04\/Skizze.jpg\",\"width\":2031,\"height\":619},{\"@type\":\"BreadcrumbList\",\"@id\":\"https:\/\/www.ommertalhof.de\/?page_id=9#breadcrumb\",\"itemListElement\":[{\"@type\":\"ListItem\",\"position\":1,\"name\":\"Home\",\"item\":\"http:\/\/www.ommertalhof.de\/\"},{\"@type\":\"ListItem\",\"position\":2,\"name\":\"Selber Bauen\"}]},{\"@type\":\"WebSite\",\"@id\":\"http:\/\/www.ommertalhof.de\/#website\",\"url\":\"http:\/\/www.ommertalhof.de\/\",\"name\":\"Ommertalhof\",\"description\":\"Gartenmanufaktur und Landschaftsbau\",\"potentialAction\":[{\"@type\":\"SearchAction\",\"target\":{\"@type\":\"EntryPoint\",\"urlTemplate\":\"http:\/\/www.ommertalhof.de\/?s={search_term_string}\"},\"query-input\":\"required name=search_term_string\"}],\"inLanguage\":\"de\"}]}<\/script>\n<!-- \/ Yoast SEO plugin. -->","yoast_head_json":{"title":"Wir Planen, Sie Bauen!","description":"Selber Bauen - F\u00fcr all jene, die ihren Garten selber anlegen m\u00f6chten erstellen wir einen Bebauungsplan und bieten Hilfestellung.","robots":{"index":"index","follow":"follow","max-snippet":"max-snippet:-1","max-image-preview":"max-image-preview:large","max-video-preview":"max-video-preview:-1"},"canonical":"https:\/\/www.ommertalhof.de\/?page_id=9","og_locale":"de_DE","og_type":"article","og_title":"Wir Planen, Sie Bauen!","og_description":"Selber Bauen - F\u00fcr all jene, die ihren Garten selber anlegen m\u00f6chten erstellen wir einen Bebauungsplan und bieten Hilfestellung.","og_url":"https:\/\/www.ommertalhof.de\/?page_id=9","og_site_name":"Ommertalhof","article_modified_time":"2018-05-31T14:31:37+00:00","og_image":[{"url":"http:\/\/www.ommertalhof.de\/wp-content\/uploads\/2014\/04\/Skizze.jpg"}],"schema":{"@context":"https:\/\/schema.org","@graph":[{"@type":"WebPage","@id":"https:\/\/www.ommertalhof.de\/?page_id=9","url":"https:\/\/www.ommertalhof.de\/?page_id=9","name":"Wir Planen, Sie Bauen!","isPartOf":{"@id":"http:\/\/www.ommertalhof.de\/#website"},"primaryImageOfPage":{"@id":"https:\/\/www.ommertalhof.de\/?page_id=9#primaryimage"},"image":{"@id":"https:\/\/www.ommertalhof.de\/?page_id=9#primaryimage"},"thumbnailUrl":"http:\/\/www.ommertalhof.de\/wp-content\/uploads\/2014\/04\/Skizze.jpg","datePublished":"2014-04-22T19:48:49+00:00","dateModified":"2018-05-31T14:31:37+00:00","description":"Selber Bauen - F\u00fcr all jene, die ihren Garten selber anlegen m\u00f6chten erstellen wir einen Bebauungsplan und bieten Hilfestellung.","breadcrumb":{"@id":"https:\/\/www.ommertalhof.de\/?page_id=9#breadcrumb"},"inLanguage":"de","potentialAction":[{"@type":"ReadAction","target":["https:\/\/www.ommertalhof.de\/?page_id=9"]}]},{"@type":"ImageObject","inLanguage":"de","@id":"https:\/\/www.ommertalhof.de\/?page_id=9#primaryimage","url":"https:\/\/www.ommertalhof.de\/wp-content\/uploads\/2014\/04\/Skizze.jpg","contentUrl":"https:\/\/www.ommertalhof.de\/wp-content\/uploads\/2014\/04\/Skizze.jpg","width":2031,"height":619},{"@type":"BreadcrumbList","@id":"https:\/\/www.ommertalhof.de\/?page_id=9#breadcrumb","itemListElement":[{"@type":"ListItem","position":1,"name":"Home","item":"http:\/\/www.ommertalhof.de\/"},{"@type":"ListItem","position":2,"name":"Selber Bauen"}]},{"@type":"WebSite","@id":"http:\/\/www.ommertalhof.de\/#website","url":"http:\/\/www.ommertalhof.de\/","name":"Ommertalhof","description":"Gartenmanufaktur und Landschaftsbau","potentialAction":[{"@type":"SearchAction","target":{"@type":"EntryPoint","urlTemplate":"http:\/\/www.ommertalhof.de\/?s={search_term_string}"},"query-input":"required name=search_term_string"}],"inLanguage":"de"}]}},"_links":{"self":[{"href":"https:\/\/www.ommertalhof.de\/index.php?rest_route=\/wp\/v2\/pages\/9"}],"collection":[{"href":"https:\/\/www.ommertalhof.de\/index.php?rest_route=\/wp\/v2\/pages"}],"about":[{"href":"https:\/\/www.ommertalhof.de\/index.php?rest_route=\/wp\/v2\/types\/page"}],"author":[{"embeddable":true,"href":"https:\/\/www.ommertalhof.de\/index.php?rest_route=\/wp\/v2\/users\/1"}],"replies":[{"embeddable":true,"href":"https:\/\/www.ommertalhof.de\/index.php?rest_route=%2Fwp%2Fv2%2Fcomments&post=9"}],"version-history":[{"count":11,"href":"https:\/\/www.ommertalhof.de\/index.php?rest_route=\/wp\/v2\/pages\/9\/revisions"}],"predecessor-version":[{"id":590,"href":"https:\/\/www.ommertalhof.de\/index.php?rest_route=\/wp\/v2\/pages\/9\/revisions\/590"}],"wp:attachment":[{"href":"https:\/\/www.ommertalhof.de\/index.php?rest_route=%2Fwp%2Fv2%2Fmedia&parent=9"}],"curies":[{"name":"wp","href":"https:\/\/api.w.org\/{rel}","templated":true}]}}